{"id":174897,"date":"2023-01-30T09:38:10","date_gmt":"2023-01-30T08:38:10","guid":{"rendered":"https:\/\/kinedo1.fokuspokus.dev\/mentions-legales\/"},"modified":"2025-07-30T12:19:18","modified_gmt":"2025-07-30T10:19:18","slug":"mentions-legales","status":"publish","type":"page","link":"https:\/\/kinedo-bad.de\/fr\/mentions-legales\/","title":{"rendered":"Mentions l\u00e9gales"},"content":{"rendered":"<section class=\"m-page-hero-color\">\n  <div class=\"wrapper\">\n    <div class=\"m-page-hero-color__content\">\n      <h1>\n        Mentions l\u00e9gales      <\/h1>\n      <span>\n              <\/span>\n    <\/div>\n  <\/div>\n\n<\/section>\n\n\n\n\n<div class=\"modul-raster-wrapper normal\" >\n  <div class=\"wrapper\">\n    <div class=\"modul-raster  spacing-top--small spacing-bottom--medium\">\n              <div class=\"row  wrap\">\n                                                  <div class=\"raster-block rastercolumn col-auto \n                \">\n\n                \n                  \n                      <div class=\"textblock\">\n\n                      \n                      <div class=\"wysiwyg\">\n                        <h3>Mentions l\u00e9gales<\/h3>\n<p><strong>SFA Deutschland GmbH<\/strong><br \/>\nWaldstra\u00dfe 23 \/ Geb\u00e4ude B5<br \/>\n63128 Dietzenbach<br \/>\nTel.: 06074 \/ 309280<br \/>\nFax: 06074 \/ 3092890<br \/>\nE-Mail: <a href=\"mailto:info@kinedo-bad.de\">info@kinedo-bad.de<\/a><\/p>\n<p><strong>Directeur et responsable des contenus de ce site web :<\/strong><br \/>\nSt\u00e9phane Harel<\/p>\n<p><strong>Lieu d\u2019enregistrement :<\/strong><br \/>\nTribunal d\u2019instance d\u2019Offenbach<\/p>\n<p><strong>Num\u00e9ro de registre :<\/strong><br \/>\nHRB 10878<\/p>\n<p><strong>N\u00b0 de TVA :<\/strong><br \/>\nDE 129455354<\/p>\n<p><strong>D\u00e9l\u00e9gu\u00e9 \u00e0 la protection des donn\u00e9es<\/strong><br \/>\nHSDK GmbH<br \/>\nDSB Dirk Schell<br \/>\nEschersheimer Landstra\u00dfe 42<br \/>\n60322 Frankfurt am Main \/ Germany<br \/>\nTel.: +49 (0)69 870092860<br \/>\nE-Mail: sfa@hsdk-privacy.com<\/p>\n<p><strong>Design + programmation<\/strong><br \/>\nFokuspokus Media | <a href=\"https:\/\/fokuspokus-media.de\">www.fokuspokus-media.de<\/a><\/p>\n<p><strong>Concept + Contenu<\/strong><br \/>\nCCCN | Creative Consulting | <a href=\"https:\/\/cccn.de\">www.cccn.de<\/a><\/p>\n<p><strong>Droits d&#8217;image :<\/strong><br \/>\nAuteur : -VICTOR- \u2013 Fichier : #870792024 \u2013 www.istockphoto.com\/ Auteur : LueratSatichob \u2013 Fichier : #1056705638 \u2013 www.istockphoto.com\/ Auteur : LightFieldStudios \u2013 Fichier : #900829894 \u2013 www.istockphoto.com\/ Auteur : Wavebreakmedia \u2013 Fichier : #846329464 \u2013 www.istockphoto.com\/ Auteur : Xurzon \u2013 Fichier : #975054178 \u2013 www.istockphoto.com\/ Auteur : cnythzl \u2013 Fichier : #1014728786 \u2013 www.istockphoto.com\/ Auteur : svetikd \u2013 Fichier : #184099508 \u2013 www.istockphoto.com\/ Auteur : lushik \u2013 Fichier : #528615974 \u2013 www.istockphoto.com\/ Auteur : Kenshi991 \u2013 Fichier : #1073702824 \u2013 www.istockphoto.com\/ Auteur : LueratSatichob \u2013 Fichier : #1129071105 \u2013 www.istockphoto.com\/ Auteur : Muni Yogeshwaran \u2013 Fichier : #1048759808 \u2013 www.istockphoto.com\/ Auteur : nycshooter \u2013 Fichier : #172685774 \u2013 www.istockphoto.com\/ Auteur : Bombaert \u2013 Fichier : #825141878 \u2013 www.istockphoto.com\/ Auteur : KatarzynaBialasiewicz \u2013 Fichier : #835733120 \u2013 www.istockphoto.com\/ Auteur : KatarzynaBialasiewicz \u2013 Fichier : #835733160 \u2013 www.istockphoto.com\/ Auteur : BadBrother \u2013 Fichier : #1083421378 \u2013 www.istockphoto.com\/ Auteur : Muenz \u2013 Fichier : #821299734 \u2013 www.istockphoto.com\/ Auteur : stock_colors \u2013 Fichier : #495880050 \u2013 www.istockphoto.com\/ Auteur : Igor Synyshyn \u2013 Fichier : #953465486 \u2013 www.istockphoto.com\/<\/p>\n<p>&nbsp;<\/p>\n                      <\/div>\n                      <\/div>\n                    \n                        <\/div>\n                                                              <\/div>\n                                <\/div>\n        <\/div>\n    <\/div>","protected":false},"excerpt":{"rendered":"","protected":false},"author":6,"featured_media":0,"parent":0,"menu_order":12,"comment_status":"closed","ping_status":"closed","template":"","meta":{"_acf_changed":false,"footnotes":""},"class_list":["post-174897","page","type-page","status-publish","hentry"],"acf":[],"yoast_head":"<!-- This site is optimized with the Yoast SEO plugin v27.3 - https:\/\/yoast.com\/product\/yoast-seo-wordpress\/ -->\n<title>Mentions l\u00e9gales | Kinedo<\/title>\n<meta name=\"robots\" content=\"noindex, follow\" \/>\n<meta property=\"og:locale\" content=\"fr_FR\" \/>\n<meta property=\"og:type\" content=\"article\" \/>\n<meta property=\"og:title\" content=\"Mentions l\u00e9gales | Kinedo\" \/>\n<meta property=\"og:url\" content=\"https:\/\/kinedo-bad.de\/fr\/mentions-legales\/\" \/>\n<meta property=\"og:site_name\" content=\"Kinedo\" \/>\n<meta property=\"article:publisher\" content=\"https:\/\/www.facebook.com\/kinedodeutschland\" \/>\n<meta property=\"article:modified_time\" content=\"2025-07-30T10:19:18+00:00\" \/>\n<meta name=\"twitter:card\" content=\"summary_large_image\" \/>\n<script type=\"application\/ld+json\" class=\"yoast-schema-graph\">{\"@context\":\"https:\\\/\\\/schema.org\",\"@graph\":[{\"@type\":\"WebPage\",\"@id\":\"https:\\\/\\\/kinedo-bad.de\\\/fr\\\/mentions-legales\\\/\",\"url\":\"https:\\\/\\\/kinedo-bad.de\\\/fr\\\/mentions-legales\\\/\",\"name\":\"Mentions l\u00e9gales | Kinedo\",\"isPartOf\":{\"@id\":\"https:\\\/\\\/kinedo-bad.de\\\/fr\\\/#website\"},\"datePublished\":\"2023-01-30T08:38:10+00:00\",\"dateModified\":\"2025-07-30T10:19:18+00:00\",\"breadcrumb\":{\"@id\":\"https:\\\/\\\/kinedo-bad.de\\\/fr\\\/mentions-legales\\\/#breadcrumb\"},\"inLanguage\":\"fr-FR\",\"potentialAction\":[{\"@type\":\"ReadAction\",\"target\":[\"https:\\\/\\\/kinedo-bad.de\\\/fr\\\/mentions-legales\\\/\"]}]},{\"@type\":\"BreadcrumbList\",\"@id\":\"https:\\\/\\\/kinedo-bad.de\\\/fr\\\/mentions-legales\\\/#breadcrumb\",\"itemListElement\":[{\"@type\":\"ListItem\",\"position\":1,\"name\":\"Start\",\"item\":\"https:\\\/\\\/kinedo-bad.de\\\/fr\\\/\"},{\"@type\":\"ListItem\",\"position\":2,\"name\":\"Mentions l\u00e9gales\"}]},{\"@type\":\"WebSite\",\"@id\":\"https:\\\/\\\/kinedo-bad.de\\\/fr\\\/#website\",\"url\":\"https:\\\/\\\/kinedo-bad.de\\\/fr\\\/\",\"name\":\"SFA Sanibroy GmbH\",\"description\":\"\",\"publisher\":{\"@id\":\"https:\\\/\\\/kinedo-bad.de\\\/fr\\\/#organization\"},\"potentialAction\":[{\"@type\":\"SearchAction\",\"target\":{\"@type\":\"EntryPoint\",\"urlTemplate\":\"https:\\\/\\\/kinedo-bad.de\\\/fr\\\/?s={search_term_string}\"},\"query-input\":{\"@type\":\"PropertyValueSpecification\",\"valueRequired\":true,\"valueName\":\"search_term_string\"}}],\"inLanguage\":\"fr-FR\"},{\"@type\":\"Organization\",\"@id\":\"https:\\\/\\\/kinedo-bad.de\\\/fr\\\/#organization\",\"name\":\"SFA Sanibroy GmbH\",\"url\":\"https:\\\/\\\/kinedo-bad.de\\\/fr\\\/\",\"logo\":{\"@type\":\"ImageObject\",\"inLanguage\":\"fr-FR\",\"@id\":\"https:\\\/\\\/kinedo-bad.de\\\/fr\\\/#\\\/schema\\\/logo\\\/image\\\/\",\"url\":\"https:\\\/\\\/kinedo-bad.de\\\/wp-content\\\/uploads\\\/kinedo-logo-final.png\",\"contentUrl\":\"https:\\\/\\\/kinedo-bad.de\\\/wp-content\\\/uploads\\\/kinedo-logo-final.png\",\"width\":280,\"height\":114,\"caption\":\"SFA Sanibroy GmbH\"},\"image\":{\"@id\":\"https:\\\/\\\/kinedo-bad.de\\\/fr\\\/#\\\/schema\\\/logo\\\/image\\\/\"},\"sameAs\":[\"https:\\\/\\\/www.facebook.com\\\/kinedodeutschland\",\"https:\\\/\\\/www.instagram.com\\\/kinedo_d_a_ch\\\/\"]}]}<\/script>\n<!-- \/ Yoast SEO plugin. -->","yoast_head_json":{"title":"Mentions l\u00e9gales | Kinedo","robots":{"index":"noindex","follow":"follow"},"og_locale":"fr_FR","og_type":"article","og_title":"Mentions l\u00e9gales | Kinedo","og_url":"https:\/\/kinedo-bad.de\/fr\/mentions-legales\/","og_site_name":"Kinedo","article_publisher":"https:\/\/www.facebook.com\/kinedodeutschland","article_modified_time":"2025-07-30T10:19:18+00:00","twitter_card":"summary_large_image","schema":{"@context":"https:\/\/schema.org","@graph":[{"@type":"WebPage","@id":"https:\/\/kinedo-bad.de\/fr\/mentions-legales\/","url":"https:\/\/kinedo-bad.de\/fr\/mentions-legales\/","name":"Mentions l\u00e9gales | Kinedo","isPartOf":{"@id":"https:\/\/kinedo-bad.de\/fr\/#website"},"datePublished":"2023-01-30T08:38:10+00:00","dateModified":"2025-07-30T10:19:18+00:00","breadcrumb":{"@id":"https:\/\/kinedo-bad.de\/fr\/mentions-legales\/#breadcrumb"},"inLanguage":"fr-FR","potentialAction":[{"@type":"ReadAction","target":["https:\/\/kinedo-bad.de\/fr\/mentions-legales\/"]}]},{"@type":"BreadcrumbList","@id":"https:\/\/kinedo-bad.de\/fr\/mentions-legales\/#breadcrumb","itemListElement":[{"@type":"ListItem","position":1,"name":"Start","item":"https:\/\/kinedo-bad.de\/fr\/"},{"@type":"ListItem","position":2,"name":"Mentions l\u00e9gales"}]},{"@type":"WebSite","@id":"https:\/\/kinedo-bad.de\/fr\/#website","url":"https:\/\/kinedo-bad.de\/fr\/","name":"SFA Sanibroy GmbH","description":"","publisher":{"@id":"https:\/\/kinedo-bad.de\/fr\/#organization"},"potentialAction":[{"@type":"SearchAction","target":{"@type":"EntryPoint","urlTemplate":"https:\/\/kinedo-bad.de\/fr\/?s={search_term_string}"},"query-input":{"@type":"PropertyValueSpecification","valueRequired":true,"valueName":"search_term_string"}}],"inLanguage":"fr-FR"},{"@type":"Organization","@id":"https:\/\/kinedo-bad.de\/fr\/#organization","name":"SFA Sanibroy GmbH","url":"https:\/\/kinedo-bad.de\/fr\/","logo":{"@type":"ImageObject","inLanguage":"fr-FR","@id":"https:\/\/kinedo-bad.de\/fr\/#\/schema\/logo\/image\/","url":"https:\/\/kinedo-bad.de\/wp-content\/uploads\/kinedo-logo-final.png","contentUrl":"https:\/\/kinedo-bad.de\/wp-content\/uploads\/kinedo-logo-final.png","width":280,"height":114,"caption":"SFA Sanibroy GmbH"},"image":{"@id":"https:\/\/kinedo-bad.de\/fr\/#\/schema\/logo\/image\/"},"sameAs":["https:\/\/www.facebook.com\/kinedodeutschland","https:\/\/www.instagram.com\/kinedo_d_a_ch\/"]}]}},"_links":{"self":[{"href":"https:\/\/kinedo-bad.de\/fr\/wp-json\/wp\/v2\/pages\/174897","targetHints":{"allow":["GET"]}}],"collection":[{"href":"https:\/\/kinedo-bad.de\/fr\/wp-json\/wp\/v2\/pages"}],"about":[{"href":"https:\/\/kinedo-bad.de\/fr\/wp-json\/wp\/v2\/types\/page"}],"author":[{"embeddable":true,"href":"https:\/\/kinedo-bad.de\/fr\/wp-json\/wp\/v2\/users\/6"}],"replies":[{"embeddable":true,"href":"https:\/\/kinedo-bad.de\/fr\/wp-json\/wp\/v2\/comments?post=174897"}],"version-history":[{"count":3,"href":"https:\/\/kinedo-bad.de\/fr\/wp-json\/wp\/v2\/pages\/174897\/revisions"}],"predecessor-version":[{"id":181630,"href":"https:\/\/kinedo-bad.de\/fr\/wp-json\/wp\/v2\/pages\/174897\/revisions\/181630"}],"wp:attachment":[{"href":"https:\/\/kinedo-bad.de\/fr\/wp-json\/wp\/v2\/media?parent=174897"}],"curies":[{"name":"wp","href":"https:\/\/api.w.org\/{rel}","templated":true}]}}