{"id":174569,"date":"2023-02-14T15:55:12","date_gmt":"2023-02-14T14:55:12","guid":{"rendered":"https:\/\/kinedo1.fokuspokus.dev\/service\/"},"modified":"2024-05-17T10:49:06","modified_gmt":"2024-05-17T08:49:06","slug":"service","status":"publish","type":"page","link":"https:\/\/kinedo-bad.de\/fr\/service\/","title":{"rendered":"Service"},"content":{"rendered":"<div class=\"m-page-hero small \">\n  <div class=\"m-page-hero__background\">\n                      <picture class=\"rocket-no-lazy m-page-hero__background-img\">\n          <source media=\"(min-width: 105em)\" srcset=\"https:\/\/kinedo-bad.de\/wp-content\/uploads\/kinedo_modulo_21zu9.jpg 2000w,\n                        https:\/\/kinedo-bad.de\/wp-content\/uploads\/kinedo_modulo_21zu9-1500x643.jpg 1500w,\n                        https:\/\/kinedo-bad.de\/wp-content\/uploads\/kinedo_modulo_21zu9-1000x429.jpg 1000w,\n                        https:\/\/kinedo-bad.de\/wp-content\/uploads\/kinedo_modulo_21zu9-500x214.jpg 500w,\n                        https:\/\/kinedo-bad.de\/wp-content\/uploads\/kinedo_modulo_21zu9-250x107.jpg 250w\">\n          <source srcset=\"https:\/\/kinedo-bad.de\/wp-content\/uploads\/kinedo_serviceseite_modulo-3.jpg 2000w,\n                        https:\/\/kinedo-bad.de\/wp-content\/uploads\/kinedo_serviceseite_modulo-3-1500x844.jpg 1500w,\n                        https:\/\/kinedo-bad.de\/wp-content\/uploads\/kinedo_serviceseite_modulo-3-1000x563.jpg 1000w,\n                        https:\/\/kinedo-bad.de\/wp-content\/uploads\/kinedo_serviceseite_modulo-3-500x281.jpg 500w,\n                        https:\/\/kinedo-bad.de\/wp-content\/uploads\/kinedo_serviceseite_modulo-3-250x141.jpg 250w\">\n          <img decoding=\"async\" class=\"rocket-no-lazy\" src=\"https:\/\/kinedo-bad.de\/wp-content\/uploads\/kinedo_serviceseite_modulo-3-1500x844.jpg\" alt=\"\">\n        <\/picture>\n            <\/div>\n\n  <div class=\"m-page-hero__content-wrapper\">\n    <div class=\"m-page-hero__content\">\n      <div class=\"wrapper\">\n        \n        \n                    <h1 class=\"m-page-hero__content-title left\" data-count=\"7\" data-text-align=\"\">\n            Service          <\/h1>\n\n        \n        <div class=\"m-page-hero__content-text\">\n                      <p>\n              Nous souhaitons vous aider \u00e0 concevoir votre salle de bains de mani\u00e8re optimale ! \r\nUtilisez nos informations compl\u00e8tes pour votre propre r\u00e9flexion et prise de d\u00e9cision. Si vous le souhaitez, nous pouvons \u00e9galement vous conseiller par t\u00e9l\u00e9phone ou personnellement.             <\/p>\n          \n\n\n          \n\n            \n\n\n                  <\/div>\n      <\/div>\n    <\/div>\n  <\/div>\n<\/div>\n\n<section class=\"m-breadcrumb\">\n  <div class=\"wrapper\">\n    <div id=\"breadcrumbs\" class=\"m-breadcrumb__list\"><span><span><a href=\"https:\/\/kinedo-bad.de\/fr\/\">Start<\/a><\/span><\/span><\/div>  <\/div>\n<\/section>\n\n<section class=\"m-primary-tile-list  spacing-top--small spacing-bottom--small\">\n  <div class=\"wrapper\">\n    <div class=\"m-primary-tile-list__list\">\n            \n                        \n          <a href=\"https:\/\/kinedo-bad.de\/service\/broschueren\/\" target=\"_self\" class=\"m-primary-tile\">\n            <div class=\"m-primary-tile__img\">\n              <img src=\"https:\/\/kinedo-bad.de\/wp-content\/uploads\/broschueren.svg\" alt=\"\" itemprop=\"image\" loading=\"lazy\" decoding=\"async\" alt=\"\">\n            <\/div>\n            <div class=\"m-primary-tile__title\">\n              Brochures            <\/div>\n            <div class=\"m-primary-tile__content\">\n              <span class=\"m-primary-tile__content-text\">\n                D\u00e9pliants et fiches produits actuels              <\/span>\n              <span class=\"m-primary-tile__content-link\">\n                Brochures              <\/span>\n            <\/div>\n\n          <\/a>\n                        \n          <a href=\"https:\/\/kinedo-bad.de\/service\/videos\/\" target=\"_self\" class=\"m-primary-tile\">\n            <div class=\"m-primary-tile__img\">\n              <img src=\"https:\/\/kinedo-bad.de\/wp-content\/uploads\/video.svg\" alt=\"\" itemprop=\"image\" loading=\"lazy\" decoding=\"async\" alt=\"\">\n            <\/div>\n            <div class=\"m-primary-tile__title\">\n              Vid\u00e9os            <\/div>\n            <div class=\"m-primary-tile__content\">\n              <span class=\"m-primary-tile__content-text\">\n                Vid\u00e9os de produits et \r\nTutoriels              <\/span>\n              <span class=\"m-primary-tile__content-link\">\n                plus              <\/span>\n            <\/div>\n\n          <\/a>\n                        \n          <a href=\"https:\/\/kinedo-bad.de\/service\/tools-2\/\" target=\"_self\" class=\"m-primary-tile\">\n            <div class=\"m-primary-tile__img\">\n              <img src=\"https:\/\/kinedo-bad.de\/wp-content\/uploads\/tools.svg\" alt=\"\" itemprop=\"image\" loading=\"lazy\" decoding=\"async\" alt=\"\">\n            <\/div>\n            <div class=\"m-primary-tile__title\">\n              Outils            <\/div>\n            <div class=\"m-primary-tile__content\">\n              <span class=\"m-primary-tile__content-text\">\n                Filtre Kinemagic \r\net plus              <\/span>\n              <span class=\"m-primary-tile__content-link\">\n                plus              <\/span>\n            <\/div>\n\n          <\/a>\n                        \n          <a href=\"https:\/\/kinedo-bad.de\/service\/foerderung-badumbau\/\" target=\"_self\" class=\"m-primary-tile\">\n            <div class=\"m-primary-tile__img\">\n              <img src=\"https:\/\/kinedo-bad.de\/wp-content\/uploads\/badumbau.svg\" alt=\"\" itemprop=\"image\" loading=\"lazy\" decoding=\"async\" alt=\"\">\n            <\/div>\n            <div class=\"m-primary-tile__title\">\n              Promotion de la transformation des salles de bains            <\/div>\n            <div class=\"m-primary-tile__content\">\n              <span class=\"m-primary-tile__content-text\">\n                Soutien de l&#8217;\u00c9tat              <\/span>\n              <span class=\"m-primary-tile__content-link\">\n                plus              <\/span>\n            <\/div>\n\n          <\/a>\n                        \n          <a href=\"https:\/\/kinedo-bad.de\/service\/faq\/\" target=\"_self\" class=\"m-primary-tile\">\n            <div class=\"m-primary-tile__img\">\n              <img src=\"https:\/\/kinedo-bad.de\/wp-content\/uploads\/faq.svg\" alt=\"\" itemprop=\"image\" loading=\"lazy\" decoding=\"async\" alt=\"\">\n            <\/div>\n            <div class=\"m-primary-tile__title\">\n              FAQ            <\/div>\n            <div class=\"m-primary-tile__content\">\n              <span class=\"m-primary-tile__content-text\">\n                Questions fr\u00e9quentes \r\net r\u00e9ponses              <\/span>\n              <span class=\"m-primary-tile__content-link\">\n                plus              <\/span>\n            <\/div>\n\n          <\/a>\n              \n          <\/div>\n  <\/div>\n<\/section>","protected":false},"excerpt":{"rendered":"","protected":false},"author":2,"featured_media":0,"parent":0,"menu_order":5,"comment_status":"closed","ping_status":"closed","template":"","meta":{"_acf_changed":false,"footnotes":""},"class_list":["post-174569","page","type-page","status-publish","hentry"],"acf":[],"yoast_head":"<!-- This site is optimized with the Yoast SEO plugin v27.3 - https:\/\/yoast.com\/product\/yoast-seo-wordpress\/ -->\n<title>Service | Kinedo<\/title>\n<meta name=\"robots\" content=\"index, follow, max-snippet:-1, max-image-preview:large, max-video-preview:-1\" \/>\n<link rel=\"canonical\" href=\"https:\/\/kinedo-bad.de\/fr\/service\/\" \/>\n<meta property=\"og:locale\" content=\"fr_FR\" \/>\n<meta property=\"og:type\" content=\"article\" \/>\n<meta property=\"og:title\" content=\"Service | Kinedo\" \/>\n<meta property=\"og:url\" content=\"https:\/\/kinedo-bad.de\/fr\/service\/\" \/>\n<meta property=\"og:site_name\" content=\"Kinedo\" \/>\n<meta property=\"article:publisher\" content=\"https:\/\/www.facebook.com\/kinedodeutschland\" \/>\n<meta property=\"article:modified_time\" content=\"2024-05-17T08:49:06+00:00\" \/>\n<meta name=\"twitter:card\" content=\"summary_large_image\" \/>\n<script type=\"application\/ld+json\" class=\"yoast-schema-graph\">{\"@context\":\"https:\\\/\\\/schema.org\",\"@graph\":[{\"@type\":\"WebPage\",\"@id\":\"https:\\\/\\\/kinedo-bad.de\\\/fr\\\/service\\\/\",\"url\":\"https:\\\/\\\/kinedo-bad.de\\\/fr\\\/service\\\/\",\"name\":\"Service | Kinedo\",\"isPartOf\":{\"@id\":\"https:\\\/\\\/kinedo-bad.de\\\/fr\\\/#website\"},\"datePublished\":\"2023-02-14T14:55:12+00:00\",\"dateModified\":\"2024-05-17T08:49:06+00:00\",\"breadcrumb\":{\"@id\":\"https:\\\/\\\/kinedo-bad.de\\\/fr\\\/service\\\/#breadcrumb\"},\"inLanguage\":\"fr-FR\",\"potentialAction\":[{\"@type\":\"ReadAction\",\"target\":[\"https:\\\/\\\/kinedo-bad.de\\\/fr\\\/service\\\/\"]}]},{\"@type\":\"BreadcrumbList\",\"@id\":\"https:\\\/\\\/kinedo-bad.de\\\/fr\\\/service\\\/#breadcrumb\",\"itemListElement\":[{\"@type\":\"ListItem\",\"position\":1,\"name\":\"Start\",\"item\":\"https:\\\/\\\/kinedo-bad.de\\\/fr\\\/\"},{\"@type\":\"ListItem\",\"position\":2,\"name\":\"Service\"}]},{\"@type\":\"WebSite\",\"@id\":\"https:\\\/\\\/kinedo-bad.de\\\/fr\\\/#website\",\"url\":\"https:\\\/\\\/kinedo-bad.de\\\/fr\\\/\",\"name\":\"SFA Sanibroy GmbH\",\"description\":\"\",\"publisher\":{\"@id\":\"https:\\\/\\\/kinedo-bad.de\\\/fr\\\/#organization\"},\"potentialAction\":[{\"@type\":\"SearchAction\",\"target\":{\"@type\":\"EntryPoint\",\"urlTemplate\":\"https:\\\/\\\/kinedo-bad.de\\\/fr\\\/?s={search_term_string}\"},\"query-input\":{\"@type\":\"PropertyValueSpecification\",\"valueRequired\":true,\"valueName\":\"search_term_string\"}}],\"inLanguage\":\"fr-FR\"},{\"@type\":\"Organization\",\"@id\":\"https:\\\/\\\/kinedo-bad.de\\\/fr\\\/#organization\",\"name\":\"SFA Sanibroy GmbH\",\"url\":\"https:\\\/\\\/kinedo-bad.de\\\/fr\\\/\",\"logo\":{\"@type\":\"ImageObject\",\"inLanguage\":\"fr-FR\",\"@id\":\"https:\\\/\\\/kinedo-bad.de\\\/fr\\\/#\\\/schema\\\/logo\\\/image\\\/\",\"url\":\"https:\\\/\\\/kinedo-bad.de\\\/wp-content\\\/uploads\\\/kinedo-logo-final.png\",\"contentUrl\":\"https:\\\/\\\/kinedo-bad.de\\\/wp-content\\\/uploads\\\/kinedo-logo-final.png\",\"width\":280,\"height\":114,\"caption\":\"SFA Sanibroy GmbH\"},\"image\":{\"@id\":\"https:\\\/\\\/kinedo-bad.de\\\/fr\\\/#\\\/schema\\\/logo\\\/image\\\/\"},\"sameAs\":[\"https:\\\/\\\/www.facebook.com\\\/kinedodeutschland\",\"https:\\\/\\\/www.instagram.com\\\/kinedo_d_a_ch\\\/\"]}]}<\/script>\n<!-- \/ Yoast SEO plugin. -->","yoast_head_json":{"title":"Service | Kinedo","robots":{"index":"index","follow":"follow","max-snippet":"max-snippet:-1","max-image-preview":"max-image-preview:large","max-video-preview":"max-video-preview:-1"},"canonical":"https:\/\/kinedo-bad.de\/fr\/service\/","og_locale":"fr_FR","og_type":"article","og_title":"Service | Kinedo","og_url":"https:\/\/kinedo-bad.de\/fr\/service\/","og_site_name":"Kinedo","article_publisher":"https:\/\/www.facebook.com\/kinedodeutschland","article_modified_time":"2024-05-17T08:49:06+00:00","twitter_card":"summary_large_image","schema":{"@context":"https:\/\/schema.org","@graph":[{"@type":"WebPage","@id":"https:\/\/kinedo-bad.de\/fr\/service\/","url":"https:\/\/kinedo-bad.de\/fr\/service\/","name":"Service | Kinedo","isPartOf":{"@id":"https:\/\/kinedo-bad.de\/fr\/#website"},"datePublished":"2023-02-14T14:55:12+00:00","dateModified":"2024-05-17T08:49:06+00:00","breadcrumb":{"@id":"https:\/\/kinedo-bad.de\/fr\/service\/#breadcrumb"},"inLanguage":"fr-FR","potentialAction":[{"@type":"ReadAction","target":["https:\/\/kinedo-bad.de\/fr\/service\/"]}]},{"@type":"BreadcrumbList","@id":"https:\/\/kinedo-bad.de\/fr\/service\/#breadcrumb","itemListElement":[{"@type":"ListItem","position":1,"name":"Start","item":"https:\/\/kinedo-bad.de\/fr\/"},{"@type":"ListItem","position":2,"name":"Service"}]},{"@type":"WebSite","@id":"https:\/\/kinedo-bad.de\/fr\/#website","url":"https:\/\/kinedo-bad.de\/fr\/","name":"SFA Sanibroy GmbH","description":"","publisher":{"@id":"https:\/\/kinedo-bad.de\/fr\/#organization"},"potentialAction":[{"@type":"SearchAction","target":{"@type":"EntryPoint","urlTemplate":"https:\/\/kinedo-bad.de\/fr\/?s={search_term_string}"},"query-input":{"@type":"PropertyValueSpecification","valueRequired":true,"valueName":"search_term_string"}}],"inLanguage":"fr-FR"},{"@type":"Organization","@id":"https:\/\/kinedo-bad.de\/fr\/#organization","name":"SFA Sanibroy GmbH","url":"https:\/\/kinedo-bad.de\/fr\/","logo":{"@type":"ImageObject","inLanguage":"fr-FR","@id":"https:\/\/kinedo-bad.de\/fr\/#\/schema\/logo\/image\/","url":"https:\/\/kinedo-bad.de\/wp-content\/uploads\/kinedo-logo-final.png","contentUrl":"https:\/\/kinedo-bad.de\/wp-content\/uploads\/kinedo-logo-final.png","width":280,"height":114,"caption":"SFA Sanibroy GmbH"},"image":{"@id":"https:\/\/kinedo-bad.de\/fr\/#\/schema\/logo\/image\/"},"sameAs":["https:\/\/www.facebook.com\/kinedodeutschland","https:\/\/www.instagram.com\/kinedo_d_a_ch\/"]}]}},"_links":{"self":[{"href":"https:\/\/kinedo-bad.de\/fr\/wp-json\/wp\/v2\/pages\/174569","targetHints":{"allow":["GET"]}}],"collection":[{"href":"https:\/\/kinedo-bad.de\/fr\/wp-json\/wp\/v2\/pages"}],"about":[{"href":"https:\/\/kinedo-bad.de\/fr\/wp-json\/wp\/v2\/types\/page"}],"author":[{"embeddable":true,"href":"https:\/\/kinedo-bad.de\/fr\/wp-json\/wp\/v2\/users\/2"}],"replies":[{"embeddable":true,"href":"https:\/\/kinedo-bad.de\/fr\/wp-json\/wp\/v2\/comments?post=174569"}],"version-history":[{"count":5,"href":"https:\/\/kinedo-bad.de\/fr\/wp-json\/wp\/v2\/pages\/174569\/revisions"}],"predecessor-version":[{"id":176816,"href":"https:\/\/kinedo-bad.de\/fr\/wp-json\/wp\/v2\/pages\/174569\/revisions\/176816"}],"wp:attachment":[{"href":"https:\/\/kinedo-bad.de\/fr\/wp-json\/wp\/v2\/media?parent=174569"}],"curies":[{"name":"wp","href":"https:\/\/api.w.org\/{rel}","templated":true}]}}