{"id":174511,"date":"2023-04-19T10:33:17","date_gmt":"2023-04-19T08:33:17","guid":{"rendered":"https:\/\/kinedo1.fokuspokus.dev\/filtre-kinemagic\/demande-kinemagic\/"},"modified":"2024-01-16T11:15:49","modified_gmt":"2024-01-16T10:15:49","slug":"demande-kinemagic","status":"publish","type":"page","link":"https:\/\/kinedo-bad.de\/fr\/filtre-kinemagic\/demande-kinemagic\/","title":{"rendered":"Demande Kinemagic"},"content":{"rendered":"<div class=\"wrapper\">\n\n<div class=\"wpcf7 no-js\" id=\"wpcf7-f33549-o1\" lang=\"de-DE\" dir=\"ltr\" data-wpcf7-id=\"33549\">\n<div class=\"screen-reader-response\"><p role=\"status\" aria-live=\"polite\" aria-atomic=\"true\"><\/p> <ul><\/ul><\/div>\n<form action=\"\/fr\/wp-json\/wp\/v2\/pages\/174511#wpcf7-f33549-o1\" method=\"post\" class=\"wpcf7-form init 930314572da1 cmatic-conn cmatic-aud-8 cmatic-mapd0-0 cmatic-v0978 cmatic-sent-0 cmatic-total-12\" aria-label=\"Contact form\" novalidate=\"novalidate\" data-status=\"init\">\n<fieldset class=\"hidden-fields-container\"><input type=\"hidden\" name=\"_wpcf7\" value=\"33549\" \/><input type=\"hidden\" name=\"_wpcf7_version\" value=\"6.1.5\" \/><input type=\"hidden\" name=\"_wpcf7_locale\" value=\"de_DE\" \/><input type=\"hidden\" name=\"_wpcf7_unit_tag\" value=\"wpcf7-f33549-o1\" \/><input type=\"hidden\" name=\"_wpcf7_container_post\" value=\"0\" \/><input type=\"hidden\" name=\"_wpcf7_posted_data_hash\" value=\"\" \/><input type=\"hidden\" name=\"_wpcf7cf_hidden_group_fields\" value=\"[]\" \/><input type=\"hidden\" name=\"_wpcf7cf_hidden_groups\" value=\"[]\" \/><input type=\"hidden\" name=\"_wpcf7cf_visible_groups\" value=\"[]\" \/><input type=\"hidden\" name=\"_wpcf7cf_repeaters\" value=\"[]\" \/><input type=\"hidden\" name=\"_wpcf7cf_steps\" value=\"{}\" \/><input type=\"hidden\" name=\"_wpcf7cf_options\" value=\"{&quot;form_id&quot;:33549,&quot;conditions&quot;:[{&quot;then_field&quot;:&quot;group-company-required&quot;,&quot;and_rules&quot;:[{&quot;if_field&quot;:&quot;kundenart&quot;,&quot;operator&quot;:&quot;equals&quot;,&quot;if_value&quot;:&quot;Handel&quot;}]},{&quot;then_field&quot;:&quot;group-company-required&quot;,&quot;and_rules&quot;:[{&quot;if_field&quot;:&quot;kundenart&quot;,&quot;operator&quot;:&quot;equals&quot;,&quot;if_value&quot;:&quot;Installateur:in&quot;}]},{&quot;then_field&quot;:&quot;group-company-required&quot;,&quot;and_rules&quot;:[{&quot;if_field&quot;:&quot;kundenart&quot;,&quot;operator&quot;:&quot;equals&quot;,&quot;if_value&quot;:&quot;Planer:in&quot;}]},{&quot;then_field&quot;:&quot;group-company-required&quot;,&quot;and_rules&quot;:[{&quot;if_field&quot;:&quot;kundenart&quot;,&quot;operator&quot;:&quot;equals&quot;,&quot;if_value&quot;:&quot;Architekt:in&quot;}]},{&quot;then_field&quot;:&quot;group-company-required&quot;,&quot;and_rules&quot;:[{&quot;if_field&quot;:&quot;kundenart&quot;,&quot;operator&quot;:&quot;equals&quot;,&quot;if_value&quot;:&quot;Pflegeeinrichtung&quot;}]},{&quot;then_field&quot;:&quot;group-company-required&quot;,&quot;and_rules&quot;:[{&quot;if_field&quot;:&quot;kundenart&quot;,&quot;operator&quot;:&quot;equals&quot;,&quot;if_value&quot;:&quot;Stadt\\\/Kommune&quot;}]}],&quot;settings&quot;:{&quot;animation&quot;:&quot;yes&quot;,&quot;animation_intime&quot;:200,&quot;animation_outtime&quot;:200,&quot;conditions_ui&quot;:&quot;normal&quot;,&quot;notice_dismissed&quot;:false,&quot;notice_dismissed_rollback-cf7-5.8&quot;:true,&quot;notice_dismissed_rollback-cf7-5.8.1&quot;:true,&quot;notice_dismissed_rollback-cf7-5.8.5&quot;:true,&quot;notice_dismissed_rollback-cf7-5.9.2&quot;:true,&quot;notice_dismissed_rollback-cf7-5.9.3&quot;:true,&quot;notice_dismissed_rollback-cf7-5.9.4&quot;:true,&quot;notice_dismissed_rollback-cf7-5.9.5&quot;:true,&quot;notice_dismissed_rollback-cf7-6.0&quot;:true,&quot;notice_dismissed_rollback-cf7-6.0.3&quot;:true,&quot;notice_dismissed_rollback-cf7-6.0.5&quot;:true,&quot;notice_dismissed_rollback-cf7-6.1.2&quot;:true}}\" \/><input type=\"hidden\" name=\"_wpcf7dtx_version\" value=\"5.0.5\" \/>\n<\/fieldset>\n<div class=\"cf-duo\">\n\t<p><br \/>\n\n\t<\/p>\n<\/div>\n<div class=\"m-form\">\n\t<div class=\"form-row\">\n\t\t<div class=\"form-column\">\n\t\t\t<p><span class=\"wpcf7-form-control-wrap\" data-name=\"gender\"><span class=\"wpcf7-form-control wpcf7-radio\"><span class=\"wpcf7-list-item first\"><label><input type=\"radio\" name=\"gender\" value=\"Herr\" checked=\"checked\" \/><span class=\"wpcf7-list-item-label\">Herr<\/span><\/label><\/span><span class=\"wpcf7-list-item\"><label><input type=\"radio\" name=\"gender\" value=\"Frau\" \/><span class=\"wpcf7-list-item-label\">Frau<\/span><\/label><\/span><span class=\"wpcf7-list-item last\"><label><input type=\"radio\" name=\"gender\" value=\"Divers\" \/><span class=\"wpcf7-list-item-label\">Divers<\/span><\/label><\/span><\/span><\/span>\n\t\t\t<\/p>\n\t\t<\/div>\n\t<\/div>\n\t<div class=\"form-row\">\n\t\t<div class=\"form-column form-column--1-2\">\n\t\t\t<p><span class=\"wpcf7-form-control-wrap\" data-name=\"your-name\"><input size=\"40\" maxlength=\"400\" class=\"wpcf7-form-control wpcf7-text wpcf7-validates-as-required\" id=\"name\" aria-required=\"true\" aria-invalid=\"false\" value=\"\" type=\"text\" name=\"your-name\" \/><\/span><label for=\"name\">Vor- und Nachname <i class=\"icon-required\">*<\/i><\/label>\n\t\t\t<\/p>\n\t\t<\/div>\n\t\t<div class=\"form-column form-column--1-2\">\n\t\t\t<p><span class=\"wpcf7-form-control-wrap\" data-name=\"tele\"><input size=\"40\" maxlength=\"400\" class=\"wpcf7-form-control wpcf7-text wpcf7-validates-as-required\" id=\"tel\" aria-required=\"true\" aria-invalid=\"false\" placeholder=\"\" value=\"\" type=\"text\" name=\"tele\" \/><\/span><label for=\"tel\">Telefon <i class=\"icon-required\">*<\/i><\/label>\n\t\t\t<\/p>\n\t\t<\/div>\n\t<\/div>\n\t<div class=\"form-row\">\n\t\t<div class=\"form-column form-column--1-2\">\n\t\t\t<p><span>Bitte w\u00e4hlen Sie Ihre Kundenart. <i class=\"icon-required\">*<\/i><\/span><br \/>\n<span class=\"wpcf7-form-control-wrap\" data-name=\"kundenart\"><select class=\"wpcf7-form-control wpcf7-select\" aria-invalid=\"false\" name=\"kundenart\"><option value=\"\">&#8212;Please choose an option&#8212;<\/option><option value=\"Privat\">Privat<\/option><option value=\"Handel\">Handel<\/option><option value=\"Installateur:in\">Installateur:in<\/option><option value=\"Planer:in\">Planer:in<\/option><option value=\"Architekt:in\">Architekt:in<\/option><option value=\"Pflegeeinrichtung\">Pflegeeinrichtung<\/option><option value=\"Stadt\/Kommune\">Stadt\/Kommune<\/option><\/select><\/span>\n\t\t\t<\/p>\n\t\t<\/div>\n\t\t<div class=\"form-column form-column--1-2\">\n\t\t\t<p><span class=\"wpcf7-form-control-wrap\" data-name=\"your-email\"><input size=\"40\" maxlength=\"400\" class=\"wpcf7-form-control wpcf7-email wpcf7-validates-as-required wpcf7-text wpcf7-validates-as-email\" id=\"email\" aria-required=\"true\" aria-invalid=\"false\" value=\"\" type=\"email\" name=\"your-email\" \/><\/span><label for=\"email\">E-Mail <i class=\"icon-required\">*<\/i><\/label>\n\t\t\t<\/p>\n\t\t<\/div>\n\t<\/div>\n\t<div class=\"form-row\">\n\t\t<div class=\"form-column form-column--1-2\">\n\t\t\t<div class=\"form-column\">\n\t\t\t\t<div data-id=\"group-company-optional\" data-orig_data_id=\"group-company-optional\"  class=\"\" data-class=\"wpcf7cf_group\">\n\t\t\t\t\t<p><span class=\"wpcf7-form-control-wrap\" data-name=\"firma-opt\"><input size=\"40\" maxlength=\"400\" class=\"wpcf7-form-control wpcf7-text\" id=\"firma1\" aria-invalid=\"false\" value=\"\" type=\"text\" name=\"firma-opt\" \/><\/span><label for=\"firma1\">Firma<\/label>\n\t\t\t\t\t<\/p>\n\t\t\t\t<\/div>\n\t\t\t\t<div data-id=\"group-company-required\" data-orig_data_id=\"group-company-required\"  class=\"\" data-class=\"wpcf7cf_group\">\n\t\t\t\t\t<p><span class=\"wpcf7-form-control-wrap\" data-name=\"firma\"><input size=\"40\" maxlength=\"400\" class=\"wpcf7-form-control wpcf7-text wpcf7-validates-as-required\" id=\"firma2\" aria-required=\"true\" aria-invalid=\"false\" value=\"\" type=\"text\" name=\"firma\" \/><\/span><label for=\"firma2\">Firma <i class=\"icon-required\">*<\/i><\/label>\n\t\t\t\t\t<\/p>\n\t\t\t\t<\/div>\n\t\t\t<\/div>\n\t\t\t<div class=\"form-column\">\n\t\t\t\t<p><span class=\"wpcf7-form-control-wrap\" data-name=\"strasse\"><input size=\"40\" maxlength=\"400\" class=\"wpcf7-form-control wpcf7-text\" id=\"strasse\" aria-invalid=\"false\" value=\"\" type=\"text\" name=\"strasse\" \/><\/span><label for=\"strasse\">Stra\u00dfe<\/label>\n\t\t\t\t<\/p>\n\t\t\t<\/div>\n\t\t\t<div class=\"form-column\">\n\t\t\t\t<div class=\"form-column form-column--1-2\">\n\t\t\t\t\t<p><span class=\"wpcf7-form-control-wrap\" data-name=\"plz\"><input size=\"40\" maxlength=\"400\" class=\"wpcf7-form-control wpcf7-text wpcf7-validates-as-required\" id=\"plz\" aria-required=\"true\" aria-invalid=\"false\" value=\"\" type=\"text\" name=\"plz\" \/><\/span><label for=\"plz\">PLZ <i class=\"icon-required\">*<\/i><\/label>\n\t\t\t\t\t<\/p>\n\t\t\t\t<\/div>\n\t\t\t\t<div class=\"form-column form-column--1-2\">\n\t\t\t\t\t<p><span class=\"wpcf7-form-control-wrap\" data-name=\"ort\"><input size=\"40\" maxlength=\"400\" class=\"wpcf7-form-control wpcf7-text\" id=\"ort\" aria-invalid=\"false\" value=\"\" type=\"text\" name=\"ort\" \/><\/span><label for=\"ort\">Ort<\/label>\n\t\t\t\t\t<\/p>\n\t\t\t\t<\/div>\n\t\t\t<\/div>\n\t\t<\/div>\n\t\t<div class=\"form-column form-column--1-2\">\n\t\t\t<p><span class=\"wpcf7-form-control-wrap\" data-name=\"nachricht\"><textarea cols=\"40\" rows=\"10\" maxlength=\"2000\" class=\"wpcf7-form-control wpcf7-textarea wpcf7-validates-as-required\" id=\"nachricht\" aria-required=\"true\" aria-invalid=\"false\" name=\"nachricht\"><\/textarea><\/span><label for=\"nachricht\">Wie k\u00f6nnen wir Ihnen helfen? <i class=\"icon-required\">*<\/i><\/label>\n\t\t\t<\/p>\n\t\t<\/div>\n\t<\/div>\n\t<div class=\"form-row\">\n\t\t<div class=\"form-column datenschutz\">\n\t\t\t<p><span class=\"wpcf7-form-control-wrap\" data-name=\"zustimmen\"><span class=\"wpcf7-form-control wpcf7-acceptance\"><span class=\"wpcf7-list-item\"><input type=\"checkbox\" name=\"zustimmen\" value=\"1\" aria-invalid=\"false\" \/><\/span><\/span><\/span><span>Ich stimme zu, dass meine Angaben aus dem Kontaktformular zur Beantwortung meiner Anfrage erhoben und verarbeitet werden. Die Daten werden nach abgeschlossener Bearbeitung der Anfrage gel\u00f6scht. Hinweis: Sie k\u00f6nnen Ihre Einwilligung jederzeit f\u00fcr die Zukunft per E-Mail widerrufen.Detaillierte Informationen zum Umgang mit Nutzerdaten finden Sie in unserer Datenschutzerkl\u00e4rung. <i class=\"icon-required\">*<\/i><\/span>\n\t\t\t<\/p>\n\t\t<\/div>\n\t<\/div>\n\t<p><input class=\"wpcf7-form-control wpcf7-submit has-spinner\" type=\"submit\" value=\"Kontaktieren Sie uns!\" \/>\n\t<\/p>\n\t<div class=\"cf-kontakt-full\">\n\t\t<p><span style=\"font-size:13px;\">Die mit <i class=\"icon-required\">*<\/i> gekennzeichneten Felder sind Pflichtfelder.<\/span>\n\t\t<\/p>\n\t<\/div>\n<\/div>\n<p><script>\ndocument.addEventListener( 'wpcf7mailsent', function( event ) {\ngtag('event', 'send', {\n 'event_category': 'formular',\n 'event_label': 'Kinemagic Anfrage'\n})}, false );\n<\/script>\n<\/p>\n<p><script>\ndocument.addEventListener('wpcf7mailsent', function(event) {\n window.dataLayer = window.dataLayer || [];\n window.dataLayer.push({\n 'event': 'kinemagicform_submission',\n 'eventCategory': 'formular',\n 'eventAction': 'Abschicken',\n 'eventLabel': 'Kinemagic Anfrage'\n });\n}, false);\n<\/script>\n<\/p><input type='hidden' class='wpcf7-pum' value='{\"closepopup\":false,\"closedelay\":0,\"openpopup\":false,\"openpopup_id\":0}' \/><div class=\"wpcf7-response-output\" aria-hidden=\"true\"><\/div>\n<\/form>\n<\/div>\n\n<\/div>","protected":false},"excerpt":{"rendered":"","protected":false},"author":2,"featured_media":0,"parent":174501,"menu_order":0,"comment_status":"closed","ping_status":"closed","template":"","meta":{"_acf_changed":false,"footnotes":""},"class_list":["post-174511","page","type-page","status-publish","hentry"],"acf":[],"yoast_head":"<!-- This site is optimized with the Yoast SEO plugin v27.3 - https:\/\/yoast.com\/product\/yoast-seo-wordpress\/ -->\n<title>Demande Kinemagic | Kinedo<\/title>\n<meta name=\"robots\" content=\"index, follow, max-snippet:-1, max-image-preview:large, max-video-preview:-1\" \/>\n<link rel=\"canonical\" href=\"https:\/\/kinedo-bad.de\/fr\/filtre-kinemagic\/demande-kinemagic\/\" \/>\n<meta property=\"og:locale\" content=\"fr_FR\" \/>\n<meta property=\"og:type\" content=\"article\" \/>\n<meta property=\"og:title\" content=\"Demande Kinemagic | Kinedo\" \/>\n<meta property=\"og:url\" content=\"https:\/\/kinedo-bad.de\/fr\/filtre-kinemagic\/demande-kinemagic\/\" \/>\n<meta property=\"og:site_name\" content=\"Kinedo\" \/>\n<meta property=\"article:publisher\" content=\"https:\/\/www.facebook.com\/kinedodeutschland\" \/>\n<meta property=\"article:modified_time\" content=\"2024-01-16T10:15:49+00:00\" \/>\n<meta name=\"twitter:card\" content=\"summary_large_image\" \/>\n<script type=\"application\/ld+json\" class=\"yoast-schema-graph\">{\"@context\":\"https:\\\/\\\/schema.org\",\"@graph\":[{\"@type\":\"WebPage\",\"@id\":\"https:\\\/\\\/kinedo-bad.de\\\/fr\\\/filtre-kinemagic\\\/demande-kinemagic\\\/\",\"url\":\"https:\\\/\\\/kinedo-bad.de\\\/fr\\\/filtre-kinemagic\\\/demande-kinemagic\\\/\",\"name\":\"Demande Kinemagic | Kinedo\",\"isPartOf\":{\"@id\":\"https:\\\/\\\/kinedo-bad.de\\\/fr\\\/#website\"},\"datePublished\":\"2023-04-19T08:33:17+00:00\",\"dateModified\":\"2024-01-16T10:15:49+00:00\",\"breadcrumb\":{\"@id\":\"https:\\\/\\\/kinedo-bad.de\\\/fr\\\/filtre-kinemagic\\\/demande-kinemagic\\\/#breadcrumb\"},\"inLanguage\":\"fr-FR\",\"potentialAction\":[{\"@type\":\"ReadAction\",\"target\":[\"https:\\\/\\\/kinedo-bad.de\\\/fr\\\/filtre-kinemagic\\\/demande-kinemagic\\\/\"]}]},{\"@type\":\"BreadcrumbList\",\"@id\":\"https:\\\/\\\/kinedo-bad.de\\\/fr\\\/filtre-kinemagic\\\/demande-kinemagic\\\/#breadcrumb\",\"itemListElement\":[{\"@type\":\"ListItem\",\"position\":1,\"name\":\"Start\",\"item\":\"https:\\\/\\\/kinedo-bad.de\\\/fr\\\/\"},{\"@type\":\"ListItem\",\"position\":2,\"name\":\"Filtre Kinemagic\",\"item\":\"https:\\\/\\\/kinedo-bad.de\\\/fr\\\/filtre-kinemagic\\\/\"},{\"@type\":\"ListItem\",\"position\":3,\"name\":\"Demande Kinemagic\"}]},{\"@type\":\"WebSite\",\"@id\":\"https:\\\/\\\/kinedo-bad.de\\\/fr\\\/#website\",\"url\":\"https:\\\/\\\/kinedo-bad.de\\\/fr\\\/\",\"name\":\"SFA Sanibroy GmbH\",\"description\":\"\",\"publisher\":{\"@id\":\"https:\\\/\\\/kinedo-bad.de\\\/fr\\\/#organization\"},\"potentialAction\":[{\"@type\":\"SearchAction\",\"target\":{\"@type\":\"EntryPoint\",\"urlTemplate\":\"https:\\\/\\\/kinedo-bad.de\\\/fr\\\/?s={search_term_string}\"},\"query-input\":{\"@type\":\"PropertyValueSpecification\",\"valueRequired\":true,\"valueName\":\"search_term_string\"}}],\"inLanguage\":\"fr-FR\"},{\"@type\":\"Organization\",\"@id\":\"https:\\\/\\\/kinedo-bad.de\\\/fr\\\/#organization\",\"name\":\"SFA Sanibroy GmbH\",\"url\":\"https:\\\/\\\/kinedo-bad.de\\\/fr\\\/\",\"logo\":{\"@type\":\"ImageObject\",\"inLanguage\":\"fr-FR\",\"@id\":\"https:\\\/\\\/kinedo-bad.de\\\/fr\\\/#\\\/schema\\\/logo\\\/image\\\/\",\"url\":\"https:\\\/\\\/kinedo-bad.de\\\/wp-content\\\/uploads\\\/kinedo-logo-final.png\",\"contentUrl\":\"https:\\\/\\\/kinedo-bad.de\\\/wp-content\\\/uploads\\\/kinedo-logo-final.png\",\"width\":280,\"height\":114,\"caption\":\"SFA Sanibroy GmbH\"},\"image\":{\"@id\":\"https:\\\/\\\/kinedo-bad.de\\\/fr\\\/#\\\/schema\\\/logo\\\/image\\\/\"},\"sameAs\":[\"https:\\\/\\\/www.facebook.com\\\/kinedodeutschland\",\"https:\\\/\\\/www.instagram.com\\\/kinedo_d_a_ch\\\/\"]}]}<\/script>\n<!-- \/ Yoast SEO plugin. -->","yoast_head_json":{"title":"Demande Kinemagic | Kinedo","robots":{"index":"index","follow":"follow","max-snippet":"max-snippet:-1","max-image-preview":"max-image-preview:large","max-video-preview":"max-video-preview:-1"},"canonical":"https:\/\/kinedo-bad.de\/fr\/filtre-kinemagic\/demande-kinemagic\/","og_locale":"fr_FR","og_type":"article","og_title":"Demande Kinemagic | Kinedo","og_url":"https:\/\/kinedo-bad.de\/fr\/filtre-kinemagic\/demande-kinemagic\/","og_site_name":"Kinedo","article_publisher":"https:\/\/www.facebook.com\/kinedodeutschland","article_modified_time":"2024-01-16T10:15:49+00:00","twitter_card":"summary_large_image","schema":{"@context":"https:\/\/schema.org","@graph":[{"@type":"WebPage","@id":"https:\/\/kinedo-bad.de\/fr\/filtre-kinemagic\/demande-kinemagic\/","url":"https:\/\/kinedo-bad.de\/fr\/filtre-kinemagic\/demande-kinemagic\/","name":"Demande Kinemagic | Kinedo","isPartOf":{"@id":"https:\/\/kinedo-bad.de\/fr\/#website"},"datePublished":"2023-04-19T08:33:17+00:00","dateModified":"2024-01-16T10:15:49+00:00","breadcrumb":{"@id":"https:\/\/kinedo-bad.de\/fr\/filtre-kinemagic\/demande-kinemagic\/#breadcrumb"},"inLanguage":"fr-FR","potentialAction":[{"@type":"ReadAction","target":["https:\/\/kinedo-bad.de\/fr\/filtre-kinemagic\/demande-kinemagic\/"]}]},{"@type":"BreadcrumbList","@id":"https:\/\/kinedo-bad.de\/fr\/filtre-kinemagic\/demande-kinemagic\/#breadcrumb","itemListElement":[{"@type":"ListItem","position":1,"name":"Start","item":"https:\/\/kinedo-bad.de\/fr\/"},{"@type":"ListItem","position":2,"name":"Filtre Kinemagic","item":"https:\/\/kinedo-bad.de\/fr\/filtre-kinemagic\/"},{"@type":"ListItem","position":3,"name":"Demande Kinemagic"}]},{"@type":"WebSite","@id":"https:\/\/kinedo-bad.de\/fr\/#website","url":"https:\/\/kinedo-bad.de\/fr\/","name":"SFA Sanibroy GmbH","description":"","publisher":{"@id":"https:\/\/kinedo-bad.de\/fr\/#organization"},"potentialAction":[{"@type":"SearchAction","target":{"@type":"EntryPoint","urlTemplate":"https:\/\/kinedo-bad.de\/fr\/?s={search_term_string}"},"query-input":{"@type":"PropertyValueSpecification","valueRequired":true,"valueName":"search_term_string"}}],"inLanguage":"fr-FR"},{"@type":"Organization","@id":"https:\/\/kinedo-bad.de\/fr\/#organization","name":"SFA Sanibroy GmbH","url":"https:\/\/kinedo-bad.de\/fr\/","logo":{"@type":"ImageObject","inLanguage":"fr-FR","@id":"https:\/\/kinedo-bad.de\/fr\/#\/schema\/logo\/image\/","url":"https:\/\/kinedo-bad.de\/wp-content\/uploads\/kinedo-logo-final.png","contentUrl":"https:\/\/kinedo-bad.de\/wp-content\/uploads\/kinedo-logo-final.png","width":280,"height":114,"caption":"SFA Sanibroy GmbH"},"image":{"@id":"https:\/\/kinedo-bad.de\/fr\/#\/schema\/logo\/image\/"},"sameAs":["https:\/\/www.facebook.com\/kinedodeutschland","https:\/\/www.instagram.com\/kinedo_d_a_ch\/"]}]}},"_links":{"self":[{"href":"https:\/\/kinedo-bad.de\/fr\/wp-json\/wp\/v2\/pages\/174511","targetHints":{"allow":["GET"]}}],"collection":[{"href":"https:\/\/kinedo-bad.de\/fr\/wp-json\/wp\/v2\/pages"}],"about":[{"href":"https:\/\/kinedo-bad.de\/fr\/wp-json\/wp\/v2\/types\/page"}],"author":[{"embeddable":true,"href":"https:\/\/kinedo-bad.de\/fr\/wp-json\/wp\/v2\/users\/2"}],"replies":[{"embeddable":true,"href":"https:\/\/kinedo-bad.de\/fr\/wp-json\/wp\/v2\/comments?post=174511"}],"version-history":[{"count":5,"href":"https:\/\/kinedo-bad.de\/fr\/wp-json\/wp\/v2\/pages\/174511\/revisions"}],"predecessor-version":[{"id":174527,"href":"https:\/\/kinedo-bad.de\/fr\/wp-json\/wp\/v2\/pages\/174511\/revisions\/174527"}],"up":[{"embeddable":true,"href":"https:\/\/kinedo-bad.de\/fr\/wp-json\/wp\/v2\/pages\/174501"}],"wp:attachment":[{"href":"https:\/\/kinedo-bad.de\/fr\/wp-json\/wp\/v2\/media?parent=174511"}],"curies":[{"name":"wp","href":"https:\/\/api.w.org\/{rel}","templated":true}]}}