{"id":64322,"date":"2023-04-28T15:38:25","date_gmt":"2023-04-28T13:38:25","guid":{"rendered":"https:\/\/kinedo1.fokuspokus.dev\/service\/foerderung-badumbau\/"},"modified":"2026-04-07T14:32:18","modified_gmt":"2026-04-07T12:32:18","slug":"foerderung-badumbau","status":"publish","type":"page","link":"https:\/\/kinedo-bad.de\/de-ch\/service\/foerderung-badumbau\/","title":{"rendered":"F\u00f6rderung Badumbau"},"content":{"rendered":"<section class=\"m-page-hero-color\">\n  <div class=\"wrapper\">\n    <div class=\"m-page-hero-color__content\">\n      <h1>\n        F\u00f6rderung Badumbau      <\/h1>\n      <span>\n        Staatliche F\u00f6rderung kassieren      <\/span>\n    <\/div>\n  <\/div>\n\n<\/section>\n\n\n\n<section class=\"m-breadcrumb\">\n  <div class=\"wrapper\">\n    <div id=\"breadcrumbs\" class=\"m-breadcrumb__list\"><span><span><a href=\"https:\/\/kinedo-bad.de\/de-ch\/startseite\/\">Start<\/a><\/span><\/span><\/div>  <\/div>\n<\/section>\n\n\n<div class=\"modul-raster-wrapper normal\" >\n  <div class=\"wrapper\">\n    <div class=\"modul-raster  spacing-top--medium spacing-bottom--medium\">\n              <div class=\"row  wrap\">\n                                                  <div class=\"raster-block rastercolumn col-2 \n                \">\n\n                \n\n                    \n                        <\/div>\n                                                  <div class=\"raster-block rastercolumn col-8 \n                \">\n\n                \n                  \n                      <div class=\"textblock\">\n\n                      \n                      <div class=\"wysiwyg\">\n                        <h3>Ein ansprechendes, komfortables und individuelles Bad ist Ihr Wunsch. Ein Bad, das sich jeder Generation und jeder Lebenslage anpasst.<\/h3>\n<p>Beim Zusammenstellen Ihres barrierefreien Bades k\u00f6nnen viele Optionen den Preis f\u00fcr ein Badezimmer beeinflussen.<\/p>\n<p>Wir und unsere Partnerunternehmen unterst\u00fctzen Sie dabei.<\/p>\n<p>Zum einen mit einer kompetenten Planung, aber auch mit einem Konfigurator, der die wichtigsten Produktelemente abbildet.<\/p>\n<ol>\n<li>W\u00e4hlen Sie den <a href=\"https:\/\/kinedo-bad.de\/de-ch\/duo-konfigurator\/\">DUO-Konfigurator<\/a>\u00a0auf dieser Website aus und stellen Sie online Ihre barrierearme Dusch-Badewanne zusammen. Mit dem <a href=\"https:\/\/kinedo-bad.de\/de-ch\/kinemagic-filter\/\">Kinemagic-Filter<\/a> k\u00f6nnen Sie Ihrer barrierearme Komplettdusche selbst konfigurieren. W\u00e4hlen Sie die verschiedenen Optionen f\u00fcr die Dusch-Badewanne DUO oder die Komplettduschkabine Kinemagic aus.<\/li>\n<li>Der Budgetindikator ermittelt Ihnen den individuellen Preis.<\/li>\n<li>Sie haben Ihr Kinedo-Produkt konfiguriert? Jetzt suchen Sie eine:n Fachberater:in vor Ort, der\/die Ihnen ein unverbindliches Angebot erstellt? Diesen finden Sie in der <a href=\"https:\/\/kinedo-bad.de\/ausstellung-und-installateursuche\/\">Ausstellungs- und Installateursuche.<\/a>\u00a0Dort finden Sie fachkompetente Ansprechpartner:innen, die Ihnen bei der Realisierung ihres Traumbades helfen.<\/li>\n<\/ol>\n                      <\/div>\n                      <\/div>\n                    \n                        <\/div>\n                                                              <\/div>\n                                <\/div>\n        <\/div>\n    <\/div>\n\n\n<section class=\"m-image-text-disturber   spacing-top--none spacing-bottom--none textsizesmall\">\n      <div class=\"m-image-text-disturber__background \">\n\n          <div class=\"img-wrapper\">\n                  \n          <style>\n            \/* Standardgr\u00f6\u00dfe f\u00fcr gro\u00dfe Bildschirme *\/\n            #my-image-69d58e9e0b967 {\n              background-image: url('https:\/\/kinedo-bad.de\/wp-content\/uploads\/kinedo_senioren_paar.jpg');\n              background-position: 50.4% 42.51%;\n              background-size: cover;\n              height: 100%;\n              width: 100%;\n              position: absolute;\n            }\n\n\n            \/* Gr\u00f6\u00dfere Bildschirme *\/\n            @media (max-width: 1200px) {\n              #my-image-69d58e9e0b967 {\n                background-image: url('https:\/\/kinedo-bad.de\/wp-content\/uploads\/kinedo_senioren_paar-1500x1000.jpg');\n                background-position: 50.4% 42.51%;\n                \/* Gleiche Positionierung *\/\n              }\n            }\n\n            \/* Mittlere Bildschirme *\/\n            @media (max-width: 768px) {\n              #my-image-69d58e9e0b967 {\n                background-image: url('https:\/\/kinedo-bad.de\/wp-content\/uploads\/kinedo_senioren_paar-1500x1000.jpg');\n                background-position: 50.4% 42.51%;\n                \/* Gleiche Positionierung *\/\n              }\n            }\n\n            \/* Kleine Bildschirme *\/\n            @media (max-width: 480px) {\n              #my-image-69d58e9e0b967 {\n                background-image: url('https:\/\/kinedo-bad.de\/wp-content\/uploads\/kinedo_senioren_paar-1500x1000.jpg');\n                background-position: 50.4% 42.51%;\n                \/* Gleiche Positionierung *\/\n              }\n            }\n          <\/style>\n\n          <div id=\"my-image-69d58e9e0b967\"><\/div>\n\n\n        \n      <\/div>\n\n      \n    \n\n  <\/div>\n\n  <div class=\"m-image-text-disturber__content-wrapper\">\n    <div class=\"m-image-text-disturber__content\">\n              <h2 class=\"m-image-text-disturber__title\">\n          Ihr barrierearmes Bad <br \/>\r\nmit Zukunft        <\/h2>\n      \n      \n\n      <div class=\"wysiwyg\">\n        <p>Planen Sie voraus und richten Sie Ihr Bad ohne oder mit nur geringen Barrieren ein \u2013 direkt bei der Erstplanung oder bei der Sanierung.<\/p>\n      <\/div>\n\n            \n              <a class=\"btn white m-image-text-disturber__link\" href=\"\/news-inspiration\/ein-bad-fuers-leben\/\" target=\"_self\">\n          Barrierearmes Bad planen        <\/a>\n      \n    <\/div>\n  <\/div>\n<\/section>\n\n\n<div class=\"modul-raster-wrapper normal\" >\n  <div class=\"wrapper\">\n    <div class=\"modul-raster  spacing-top--medium spacing-bottom--small\">\n              <div class=\"row  wrap\">\n                                                  <div class=\"raster-block rastercolumn col-4 \n                \">\n\n                \n                  \n                    <div class=\"textblock with-bg\" style=\"background-color:#dbe8e8;\">\n\n                    \n                      <div class=\"wysiwyg\">\n                        <h4>KFW-F\u00f6rderprogramm<\/h4>\n<p>F\u00fcr Privatpersonen bietet die KfW-Bank einen Kredit f\u00fcr den Austausch von ungeeigneten B\u00e4dern zu barrierearmen \/ barrierefreien, altersgerechten B\u00e4dern.<\/p>\n<ul>\n<li>anspruchsberechtigt sind Privatpersonen, die Barrieren in ihrer Wohnung \/ ihrem Haus reduzieren<\/li>\n<li>F\u00f6rderkredit bis \u20ac 50.000, unabh\u00e4ngig vom Alter<\/li>\n<\/ul>\n<p>&nbsp;<\/p>\n                      <\/div>\n                      <\/div>\n                    \n                        <\/div>\n                                                  <div class=\"raster-block rastercolumn col-4 \n                \">\n\n                \n                  \n                    <div class=\"textblock with-bg\" style=\"background-color:#dbe8e8;\">\n\n                    \n                      <div class=\"wysiwyg\">\n                        <h4>Zuschuss der Pflegekasse bis \u20ac 4.180<\/h4>\n<p>Durch einen Umbau zu einem barrierefreien Bad erhalten Sie und Ihre Eltern die selbst\u00e4ndige Lebensf\u00fchrung zu Hause, bei Vorliegen eines Pflegegrades (Ma\u00dfnahmen zur Verbesserung des individuellen Wohnumfeldes nach \u00a7 40 SGB XI.<\/p>\n<p>Finanziert werden dabei die Umbauma\u00dfnahmen. Mehr Infos hierzu finden Sie auf <a href=\"http:\/\/www.nullbarriere.de\/\">www.nullbarriere.de<\/a><\/p>\n<p>Den Musterantrag zur Weiterleitung an Ihre Pflegekasse k\u00f6nnen Sie <a href=\"https:\/\/kinedo-bad.de\/wp-content\/uploads\/zuschuss-fuer-badumbau-musterantrag-an-die-pflegekasse-1.pdf\" target=\"_blank\" rel=\"noopener\">hier herunterladen<\/a>.<\/p>\n                      <\/div>\n                      <\/div>\n                    \n                        <\/div>\n                                                  <div class=\"raster-block rastercolumn col-4 \n                \">\n\n                \n                  \n                    <div class=\"textblock with-bg\" style=\"background-color:#dbe8e8;\">\n\n                    \n                      <div class=\"wysiwyg\">\n                        <h4>KfW-Zuschuss<\/h4>\n<p>Als Privatperson k\u00f6nnen Sie alternativ einen Zuschuss f\u00fcr die Barriere-Reduzierung beantragen. Der Zuschuss je Wohnung liegt bei \u20ac 6.250. Mehr Infos und zum Vorab-Check f\u00fcr die Bezuschussung: <a href=\"http:\/\/www.kfw.de\/\" target=\"_blank\" rel=\"noopener\">www.kfw.de<\/a>.<\/p>\n                      <\/div>\n                      <\/div>\n                    \n                        <\/div>\n                                                              <\/div>\n                                <\/div>\n        <\/div>\n    <\/div>\n\n<section class=\"m-tile-list m-tile-list--1-2 spacing-top--small spacing-bottom--large\" id=\"Produkte\">\n  <div class=\"wrapper\">\n    <div class=\"m-tile-list__title \">\n      <h2 class=\"\">\n        Weitere Informationen      <\/h2>\n\n          <\/div>\n\n    <div class=\"m-tile-list__list\">\n                <a class=\"m-tile\" href=\"https:\/\/kinedo-bad.de\/de-ch\/service\/foerderung-badumbau\/badumbau-pflegekasse\/\">\n            <div class=\"m-tile__content\">\n              <div class=\"m-tile__background\">\n                                \n\n                \n                  \n                  <img decoding=\"async\" class=\"rocket-no-lazy\" srcset=\"https:\/\/kinedo-bad.de\/wp-content\/uploads\/kndt_km_klappsitz-13.jpg 2000w,\n                            https:\/\/kinedo-bad.de\/wp-content\/uploads\/kndt_km_klappsitz-13-1500x1000.jpg 1500w,\n                            https:\/\/kinedo-bad.de\/wp-content\/uploads\/kndt_km_klappsitz-13-1000x667.jpg 1000w,\n              \t  \t\t      https:\/\/kinedo-bad.de\/wp-content\/uploads\/kndt_km_klappsitz-13-500x333.jpg 500w,\n              \t\t\t        https:\/\/kinedo-bad.de\/wp-content\/uploads\/kndt_km_klappsitz-13-250x167.jpg 250w\" sizes=\"900px, 100vw\" src=\"https:\/\/kinedo-bad.de\/wp-content\/uploads\/kndt_km_klappsitz-13-1000x667.jpg\" alt=\"Badumbau Pflegekasse\" itemprob=\"image\">\n\n\n                              <\/div>\n\n              <div class=\"m-tile__title\">\n                <span class=\"m-tile__title-name\">\n                  Badumbau Pflegekasse                <\/span>\n\n\n                <span class=\"m-tile__title-more\">\n                  mehr                <\/span>\n              <\/div>\n            <\/div>\n\n                      <\/a>          <a class=\"m-tile\" href=\"https:\/\/kinedo-bad.de\/de-ch\/service\/foerderung-badumbau\/kfw-foerderung-badsanierung\/\">\n            <div class=\"m-tile__content\">\n              <div class=\"m-tile__background\">\n                                \n\n                \n                  \n                  <img decoding=\"async\" class=\"rocket-no-lazy\" srcset=\"https:\/\/kinedo-bad.de\/wp-content\/uploads\/kinedo_barriefreie_Baeder_header.jpg 2000w,\n                            https:\/\/kinedo-bad.de\/wp-content\/uploads\/kinedo_barriefreie_Baeder_header.jpg 1500w,\n                            https:\/\/kinedo-bad.de\/wp-content\/uploads\/kinedo_barriefreie_Baeder_header-1000x750.jpg 1000w,\n              \t  \t\t      https:\/\/kinedo-bad.de\/wp-content\/uploads\/kinedo_barriefreie_Baeder_header-500x375.jpg 500w,\n              \t\t\t        https:\/\/kinedo-bad.de\/wp-content\/uploads\/kinedo_barriefreie_Baeder_header-250x188.jpg 250w\" sizes=\"900px, 100vw\" src=\"https:\/\/kinedo-bad.de\/wp-content\/uploads\/kinedo_barriefreie_Baeder_header-1000x750.jpg\" alt=\"KFW F\u00f6rderung Badsanierung\" itemprob=\"image\">\n\n\n                              <\/div>\n\n              <div class=\"m-tile__title\">\n                <span class=\"m-tile__title-name\">\n                  KFW F\u00f6rderung Badsanierung                <\/span>\n\n\n                <span class=\"m-tile__title-more\">\n                  mehr                <\/span>\n              <\/div>\n            <\/div>\n\n                      <\/a>    <\/div>\n  <\/div>\n<\/section>","protected":false},"excerpt":{"rendered":"","protected":false},"author":6,"featured_media":0,"parent":954,"menu_order":4,"comment_status":"closed","ping_status":"closed","template":"","meta":{"_acf_changed":false,"footnotes":""},"class_list":["post-64322","page","type-page","status-publish","hentry"],"acf":[],"yoast_head":"<!-- This site is optimized with the Yoast SEO plugin v27.3 - https:\/\/yoast.com\/product\/yoast-seo-wordpress\/ -->\n<title>F\u00f6rderung Badumbau | Kinedo<\/title>\n<meta name=\"robots\" content=\"index, follow, max-snippet:-1, max-image-preview:large, max-video-preview:-1\" \/>\n<link rel=\"canonical\" href=\"https:\/\/kinedo-bad.de\/de-ch\/service\/foerderung-badumbau\/\" \/>\n<meta property=\"og:locale\" content=\"de_DE\" \/>\n<meta property=\"og:type\" content=\"article\" \/>\n<meta property=\"og:title\" content=\"F\u00f6rderung Badumbau | Kinedo\" \/>\n<meta property=\"og:url\" content=\"https:\/\/kinedo-bad.de\/de-ch\/service\/foerderung-badumbau\/\" \/>\n<meta property=\"og:site_name\" content=\"Kinedo\" \/>\n<meta property=\"article:publisher\" content=\"https:\/\/www.facebook.com\/kinedodeutschland\" \/>\n<meta property=\"article:modified_time\" content=\"2026-04-07T12:32:18+00:00\" \/>\n<meta name=\"twitter:card\" content=\"summary_large_image\" \/>\n<script type=\"application\/ld+json\" class=\"yoast-schema-graph\">{\"@context\":\"https:\\\/\\\/schema.org\",\"@graph\":[{\"@type\":\"WebPage\",\"@id\":\"https:\\\/\\\/kinedo-bad.de\\\/de-ch\\\/service\\\/foerderung-badumbau\\\/\",\"url\":\"https:\\\/\\\/kinedo-bad.de\\\/de-ch\\\/service\\\/foerderung-badumbau\\\/\",\"name\":\"F\u00f6rderung Badumbau | Kinedo\",\"isPartOf\":{\"@id\":\"https:\\\/\\\/kinedo-bad.de\\\/de-ch\\\/#website\"},\"datePublished\":\"2023-04-28T13:38:25+00:00\",\"dateModified\":\"2026-04-07T12:32:18+00:00\",\"breadcrumb\":{\"@id\":\"https:\\\/\\\/kinedo-bad.de\\\/de-ch\\\/service\\\/foerderung-badumbau\\\/#breadcrumb\"},\"inLanguage\":\"de-CH\",\"potentialAction\":[{\"@type\":\"ReadAction\",\"target\":[\"https:\\\/\\\/kinedo-bad.de\\\/de-ch\\\/service\\\/foerderung-badumbau\\\/\"]}]},{\"@type\":\"BreadcrumbList\",\"@id\":\"https:\\\/\\\/kinedo-bad.de\\\/de-ch\\\/service\\\/foerderung-badumbau\\\/#breadcrumb\",\"itemListElement\":[{\"@type\":\"ListItem\",\"position\":1,\"name\":\"Start\",\"item\":\"https:\\\/\\\/kinedo-bad.de\\\/de-ch\\\/startseite\\\/\"},{\"@type\":\"ListItem\",\"position\":2,\"name\":\"Service\",\"item\":\"https:\\\/\\\/kinedo-bad.de\\\/de-ch\\\/service\\\/\"},{\"@type\":\"ListItem\",\"position\":3,\"name\":\"F\u00f6rderung Badumbau\"}]},{\"@type\":\"WebSite\",\"@id\":\"https:\\\/\\\/kinedo-bad.de\\\/de-ch\\\/#website\",\"url\":\"https:\\\/\\\/kinedo-bad.de\\\/de-ch\\\/\",\"name\":\"SFA Sanibroy GmbH\",\"description\":\"\",\"publisher\":{\"@id\":\"https:\\\/\\\/kinedo-bad.de\\\/de-ch\\\/#organization\"},\"potentialAction\":[{\"@type\":\"SearchAction\",\"target\":{\"@type\":\"EntryPoint\",\"urlTemplate\":\"https:\\\/\\\/kinedo-bad.de\\\/de-ch\\\/?s={search_term_string}\"},\"query-input\":{\"@type\":\"PropertyValueSpecification\",\"valueRequired\":true,\"valueName\":\"search_term_string\"}}],\"inLanguage\":\"de-CH\"},{\"@type\":\"Organization\",\"@id\":\"https:\\\/\\\/kinedo-bad.de\\\/de-ch\\\/#organization\",\"name\":\"SFA Sanibroy GmbH\",\"url\":\"https:\\\/\\\/kinedo-bad.de\\\/de-ch\\\/\",\"logo\":{\"@type\":\"ImageObject\",\"inLanguage\":\"de-CH\",\"@id\":\"https:\\\/\\\/kinedo-bad.de\\\/de-ch\\\/#\\\/schema\\\/logo\\\/image\\\/\",\"url\":\"https:\\\/\\\/kinedo-bad.de\\\/wp-content\\\/uploads\\\/kinedo-logo-final.png\",\"contentUrl\":\"https:\\\/\\\/kinedo-bad.de\\\/wp-content\\\/uploads\\\/kinedo-logo-final.png\",\"width\":280,\"height\":114,\"caption\":\"SFA Sanibroy GmbH\"},\"image\":{\"@id\":\"https:\\\/\\\/kinedo-bad.de\\\/de-ch\\\/#\\\/schema\\\/logo\\\/image\\\/\"},\"sameAs\":[\"https:\\\/\\\/www.facebook.com\\\/kinedodeutschland\",\"https:\\\/\\\/www.instagram.com\\\/kinedo_d_a_ch\\\/\"]}]}<\/script>\n<!-- \/ Yoast SEO plugin. -->","yoast_head_json":{"title":"F\u00f6rderung Badumbau | Kinedo","robots":{"index":"index","follow":"follow","max-snippet":"max-snippet:-1","max-image-preview":"max-image-preview:large","max-video-preview":"max-video-preview:-1"},"canonical":"https:\/\/kinedo-bad.de\/de-ch\/service\/foerderung-badumbau\/","og_locale":"de_DE","og_type":"article","og_title":"F\u00f6rderung Badumbau | Kinedo","og_url":"https:\/\/kinedo-bad.de\/de-ch\/service\/foerderung-badumbau\/","og_site_name":"Kinedo","article_publisher":"https:\/\/www.facebook.com\/kinedodeutschland","article_modified_time":"2026-04-07T12:32:18+00:00","twitter_card":"summary_large_image","schema":{"@context":"https:\/\/schema.org","@graph":[{"@type":"WebPage","@id":"https:\/\/kinedo-bad.de\/de-ch\/service\/foerderung-badumbau\/","url":"https:\/\/kinedo-bad.de\/de-ch\/service\/foerderung-badumbau\/","name":"F\u00f6rderung Badumbau | Kinedo","isPartOf":{"@id":"https:\/\/kinedo-bad.de\/de-ch\/#website"},"datePublished":"2023-04-28T13:38:25+00:00","dateModified":"2026-04-07T12:32:18+00:00","breadcrumb":{"@id":"https:\/\/kinedo-bad.de\/de-ch\/service\/foerderung-badumbau\/#breadcrumb"},"inLanguage":"de-CH","potentialAction":[{"@type":"ReadAction","target":["https:\/\/kinedo-bad.de\/de-ch\/service\/foerderung-badumbau\/"]}]},{"@type":"BreadcrumbList","@id":"https:\/\/kinedo-bad.de\/de-ch\/service\/foerderung-badumbau\/#breadcrumb","itemListElement":[{"@type":"ListItem","position":1,"name":"Start","item":"https:\/\/kinedo-bad.de\/de-ch\/startseite\/"},{"@type":"ListItem","position":2,"name":"Service","item":"https:\/\/kinedo-bad.de\/de-ch\/service\/"},{"@type":"ListItem","position":3,"name":"F\u00f6rderung Badumbau"}]},{"@type":"WebSite","@id":"https:\/\/kinedo-bad.de\/de-ch\/#website","url":"https:\/\/kinedo-bad.de\/de-ch\/","name":"SFA Sanibroy GmbH","description":"","publisher":{"@id":"https:\/\/kinedo-bad.de\/de-ch\/#organization"},"potentialAction":[{"@type":"SearchAction","target":{"@type":"EntryPoint","urlTemplate":"https:\/\/kinedo-bad.de\/de-ch\/?s={search_term_string}"},"query-input":{"@type":"PropertyValueSpecification","valueRequired":true,"valueName":"search_term_string"}}],"inLanguage":"de-CH"},{"@type":"Organization","@id":"https:\/\/kinedo-bad.de\/de-ch\/#organization","name":"SFA Sanibroy GmbH","url":"https:\/\/kinedo-bad.de\/de-ch\/","logo":{"@type":"ImageObject","inLanguage":"de-CH","@id":"https:\/\/kinedo-bad.de\/de-ch\/#\/schema\/logo\/image\/","url":"https:\/\/kinedo-bad.de\/wp-content\/uploads\/kinedo-logo-final.png","contentUrl":"https:\/\/kinedo-bad.de\/wp-content\/uploads\/kinedo-logo-final.png","width":280,"height":114,"caption":"SFA Sanibroy GmbH"},"image":{"@id":"https:\/\/kinedo-bad.de\/de-ch\/#\/schema\/logo\/image\/"},"sameAs":["https:\/\/www.facebook.com\/kinedodeutschland","https:\/\/www.instagram.com\/kinedo_d_a_ch\/"]}]}},"_links":{"self":[{"href":"https:\/\/kinedo-bad.de\/de-ch\/wp-json\/wp\/v2\/pages\/64322","targetHints":{"allow":["GET"]}}],"collection":[{"href":"https:\/\/kinedo-bad.de\/de-ch\/wp-json\/wp\/v2\/pages"}],"about":[{"href":"https:\/\/kinedo-bad.de\/de-ch\/wp-json\/wp\/v2\/types\/page"}],"author":[{"embeddable":true,"href":"https:\/\/kinedo-bad.de\/de-ch\/wp-json\/wp\/v2\/users\/6"}],"replies":[{"embeddable":true,"href":"https:\/\/kinedo-bad.de\/de-ch\/wp-json\/wp\/v2\/comments?post=64322"}],"version-history":[{"count":7,"href":"https:\/\/kinedo-bad.de\/de-ch\/wp-json\/wp\/v2\/pages\/64322\/revisions"}],"predecessor-version":[{"id":182150,"href":"https:\/\/kinedo-bad.de\/de-ch\/wp-json\/wp\/v2\/pages\/64322\/revisions\/182150"}],"up":[{"embeddable":true,"href":"https:\/\/kinedo-bad.de\/de-ch\/wp-json\/wp\/v2\/pages\/954"}],"wp:attachment":[{"href":"https:\/\/kinedo-bad.de\/de-ch\/wp-json\/wp\/v2\/media?parent=64322"}],"curies":[{"name":"wp","href":"https:\/\/api.w.org\/{rel}","templated":true}]}}