{"id":63505,"date":"2023-04-20T15:02:53","date_gmt":"2023-04-20T13:02:53","guid":{"rendered":"https:\/\/kinedo1.fokuspokus.dev\/produkte\/wandpaneele\/"},"modified":"2026-03-04T15:22:26","modified_gmt":"2026-03-04T14:22:26","slug":"wandpaneele","status":"publish","type":"page","link":"https:\/\/kinedo-bad.de\/de-ch\/produkte\/wandpaneele\/","title":{"rendered":"Wandpaneele"},"content":{"rendered":"<div class=\"m-page-hero small reverse\">\n  <div class=\"m-page-hero__background\">\n                      <picture class=\"rocket-no-lazy m-page-hero__background-img\">\n          <source media=\"(min-width: 105em)\" srcset=\"https:\/\/kinedo-bad.de\/wp-content\/uploads\/knmi_kinewall_design_dekore_metro_mit_montageprofilen_in_tiefschwarz_gekoernt-5.jpg 2000w,\n                        https:\/\/kinedo-bad.de\/wp-content\/uploads\/knmi_kinewall_design_dekore_metro_mit_montageprofilen_in_tiefschwarz_gekoernt-5-1500x643.jpg 1500w,\n                        https:\/\/kinedo-bad.de\/wp-content\/uploads\/knmi_kinewall_design_dekore_metro_mit_montageprofilen_in_tiefschwarz_gekoernt-5-1000x429.jpg 1000w,\n                        https:\/\/kinedo-bad.de\/wp-content\/uploads\/knmi_kinewall_design_dekore_metro_mit_montageprofilen_in_tiefschwarz_gekoernt-5-500x214.jpg 500w,\n                        https:\/\/kinedo-bad.de\/wp-content\/uploads\/knmi_kinewall_design_dekore_metro_mit_montageprofilen_in_tiefschwarz_gekoernt-5-250x107.jpg 250w\">\n          <source srcset=\"https:\/\/kinedo-bad.de\/wp-content\/uploads\/wandpaneele_kinedo.jpg 2000w,\n                        https:\/\/kinedo-bad.de\/wp-content\/uploads\/wandpaneele_kinedo-1500x844.jpg 1500w,\n                        https:\/\/kinedo-bad.de\/wp-content\/uploads\/wandpaneele_kinedo-1000x562.jpg 1000w,\n                        https:\/\/kinedo-bad.de\/wp-content\/uploads\/wandpaneele_kinedo-500x281.jpg 500w,\n                        https:\/\/kinedo-bad.de\/wp-content\/uploads\/wandpaneele_kinedo-250x141.jpg 250w\">\n          <img decoding=\"async\" class=\"rocket-no-lazy\" src=\"https:\/\/kinedo-bad.de\/wp-content\/uploads\/wandpaneele_kinedo-1500x844.jpg\" alt=\"\">\n        <\/picture>\n            <\/div>\n\n  <div class=\"m-page-hero__content-wrapper\">\n    <div class=\"m-page-hero__content\">\n      <div class=\"wrapper\">\n        \n        \n                    <h1 class=\"m-page-hero__content-title right\" data-count=\"11\" data-text-align=\"\"\"\">\n            Wandpaneele          <\/h1>\n\n        \n        <div class=\"m-page-hero__content-text\">\n                      <p>\n              Unsere Wandpaneele in vielen individuellen Designs und realit\u00e4tsgetreu gedruckten Oberfl\u00e4chenstrukturen erm\u00f6glichen eine kreative, vollkommen neue Gestaltung Ihrer Badr\u00e4ume \u2013 ohne aufw\u00e4ndige und kostspielige Fliesenarbeiten.            <\/p>\n          \n\n\n          \n\n                          <a class=\"btn white smoothscroll\" href=\"#\" target=\"_self\">Zur Produkt\u00fcbersicht<\/a>\n            \n\n\n                  <\/div>\n      <\/div>\n    <\/div>\n  <\/div>\n<\/div>\n\n<section class=\"m-breadcrumb\">\n  <div class=\"wrapper\">\n    <div id=\"breadcrumbs\" class=\"m-breadcrumb__list\"><span><span><a href=\"https:\/\/kinedo-bad.de\/de-ch\/startseite\/\">Start<\/a><\/span><\/span><\/div>  <\/div>\n<\/section>\n\n<section class=\"m-tile-list m-tile-list--1-2 spacing-top--medium spacing-bottom--medium\" id=\"Produkte\">\n  <div class=\"wrapper\">\n    <div class=\"m-tile-list__title with-text\">\n      <h2 class=\"\">\n        Die perfekte Symbiose      <\/h2>\n\n              <div>\n          <aside class=\"wysiwyg\">\n            <p>Unsere Auswahl an Wandpaneelen in 33 verschiedenen Dekoren und Materialoptiken erm\u00f6glichen \u2013 allein oder in Kombination mit unseren Duschwannen, Walk-In Duschen  oder Duschpaneelen \u2013 eine Gestaltung Ihres Bads ganz nach Ihrem individuellen Geschmack! <br \/>\r\n<br \/>\r\nBesonders bei der Badsanierung oder nachtr\u00e4glichen Einrichtung eines offenen Duschbereichs bestechen Kinewall Wandpaneele durch ihre schnelle, unkomplizierte Installation.<\/p>\n          <\/aside>\n        <\/div>\n          <\/div>\n\n    <div class=\"m-tile-list__list\">\n          <\/div>\n  <\/div>\n<\/section>\n\n\n<section class=\"m-full-image-slider  spacing-top--none spacing-bottom--medium\" id=\"Bildgalerie\">\n\n  <div class=\"m-full-image-slider__wrapper\">\n    <div class=\"m-full-image-slider__arrows\">\n      <button class=\"m-full-image-slider__arrow prev\" data-gallery-full-slider-prev=\"\">\n      <\/button>\n      <button class=\"m-full-image-slider__arrow next\" data-gallery-full-slider-next=\"\">\n      <\/button>\n    <\/div>\n    <div data-gallery-full-slider=\"\">\n      \n                          <\/div>\n  <\/div>\n\n<\/section>\n\n\n\n<section class=\"m-background  \" style=\" background-color: rgba(97, 173, 170, 0.12);\" >\n  <div class=\"acf-innerblocks-container\">\n\n<div class=\"modul-raster-wrapper normal\" >\n  <div class=\"wrapper\">\n    <div class=\"modul-raster  spacing-top--small spacing-bottom--none\">\n              <div class=\"row  wrap\">\n                                                  <div class=\"raster-block rastercolumn col-12 \n                \">\n\n                \n                  \n                      <div class=\"textblock\">\n\n                      \n                      <div class=\"wysiwyg\">\n                        <h2 class=\"light\">Brosch\u00fcre &#8220;Wandpaneele&#8221;<\/h2>\n                      <\/div>\n                      <\/div>\n                    \n                        <\/div>\n                                                              <\/div>\n                                <\/div>\n        <\/div>\n    <\/div>\n\n<div class=\"wrapper\">\n<div class=\"span-12\">\n <div class=\"brlbs-cmpnt-container brlbs-cmpnt-content-blocker brlbs-cmpnt-with-individual-styles\" data-borlabs-cookie-content-blocker-id=\"default\" data-borlabs-cookie-content=\"PGlmcmFtZSBzdHlsZT0iZGlzcGxheTpibG9jaztib3JkZXI6bm9uZTthc3BlY3QtcmF0aW86Mi8xOyIgc3JjPSJodHRwczovL2l0MnY3LmludGVyYWN0aXYtZG9jLmZyL2h0bWwva2luZWRvX3dhbmRwYW5lZWxlX2Jyb3NjaHVlcmVfODQ1L3BhZ2UvNiIgd2lkdGg9IjEwMCUiIGhlaWdodD0iYXV0byIgYWxsb3dmdWxsc2NyZWVuPSJhbGxvd2Z1bGxzY3JlZW4iPjwvaWZyYW1lPg==\"><div class=\"brlbs-cmpnt-cb-preset-b\"> <div class=\"brlbs-cmpnt-cb-thumbnail\" style=\"background-image: url('https:\/\/kinedo-bad.de\/wp-content\/uploads\/kinedo-doc-blocker.jpg')\"><\/div> <div class=\"brlbs-cmpnt-cb-main\"> <div class=\"brlbs-cmpnt-cb-content\"> <p class=\"brlbs-cmpnt-cb-description\"><strong>Datenschutzhinweis<\/strong>Klicken Sie auf den unteren Button, um den interaktiven Katalog von externer Quelle zu laden.<\/p> <a class=\"brlbs-cmpnt-cb-provider-toggle\" href=\"#\" data-borlabs-cookie-show-provider-information role=\"button\">Weitere Informationen<\/a> <\/div> <div class=\"brlbs-cmpnt-cb-buttons\"> <a class=\"brlbs-cmpnt-cb-btn\" href=\"#\" data-borlabs-cookie-unblock role=\"button\">Inhalt entsperren<\/a> <a class=\"brlbs-cmpnt-cb-btn\" href=\"#\" data-borlabs-cookie-accept-service role=\"button\" style=\"display: inherit\">Erforderlichen Service akzeptieren und Inhalte entsperren<\/a> <\/div> <\/div> <\/div><\/div>\n<script type=\"text\/javascript\" src=\"https:\/\/code.jquery.com\/jquery-3.5.1.min.js\"><\/script>\n<script>\n            $(document).ready(function(){\n                var iframe = $(\"iframe\").attr(\"src\");\n                var urlVars = getUrlVars();\n                var numpage = urlVars['numpage'];\n                var search = urlVars['search'];\n                var lang = urlVars['lang'];\n                var notes = urlVars['notes'];\n\u200b\n                if (numpage != undefined && !isNaN(numpage)) {\n                    url = iframe + '\/page\/' + numpage;\n                    url = url.split(\"\/\");\n                    var lastElement = url[url.length -1];\n                    if(!isNaN(lastElement)) {\n                        url[url.length -1] += '\/page\/' + numpage;\n                        var newUrl = '';\n                        for(var i = 0; i < url.length; i++) {\n                            newUrl += url[i];\n                            if(i != url.length-1)\n                                newUrl += '\/';\n                        }\n                        iframe = newUrl;\n                    }                    \n                }\n                if (undefined !== search) {\n                    iframe = adaptUrl(iframe, 'search', search);\n                }\n                if (undefined !== lang) {\n                    iframe = adaptUrl(iframe, 'lang', lang);\n                }\n                if (undefined !== notes) {\n                    iframe = adaptUrl(iframe, 'notes', notes);\n                }\n    \n                var listParameters = ['numpage', 'search', 'lang', 'notes'];\n                $.each(urlVars, function(index, param) {\n                    if(listParameters.indexOf(index) !== false) {\n                        concat = '?';\n                        if(iframe.indexOf('?') != -1) {\n                            concat = '&#038;';\n                        }\n                        iframe += concat + index + '=' + param;\n                    }                                    \n                });\n                \n                document.getElementsByTagName('iframe')[0].src = iframe;\n            });\n            function getUrlVars() {\n                var vars = {};\n                if (window.location.href.indexOf('?') !== -1) {\n                    var hashes = window.location.href.slice(window.location.href.indexOf('?') + 1).split('&#038;');\n                    for(var i = 0; i < hashes.length; i++) {\n                        var hash = hashes[i].split('=');\n                        vars[hash[0]] = hash[1];\n                    }\n                }\n                vars['traffic-source'] = window.location.href.split('?')[0];\n                return vars;\n            }\n\u200b\n            function adaptUrl(iframeUrl, key, value) {\n                var url = iframeUrl.split('\/');\n                url[url.length -1] += '\/' + key + '\/' + value;\n                var newUrl = '';\n                for(var i = 0; i < url.length; i++) {\n                    newUrl += url[i];\n                    if(i != url.length-1) {\n                        newUrl += '\/';\n                    }\n                }\n                return newUrl;\n            }\n        <\/script>\n<\/div>\n<\/div>\n\n\n<div class=\"modul-raster-wrapper normal\" >\n  <div class=\"wrapper\">\n    <div class=\"modul-raster  spacing-top--none spacing-bottom--none\">\n              <div class=\"row  wrap\">\n                                                  <div class=\"raster-block rastercolumn col-12 \n                \">\n\n                \n                  \n                      <div class=\"textblock\">\n\n                      \n                      <div class=\"wysiwyg\">\n                        <div style=\"text-align: center; width: 100%;\"><a class=\"btn\" style=\"margin-top: 20px; display: inline-block; margin-right: 10px;\" href=\"https:\/\/it2v7.interactiv-doc.fr\/html\/kinedo_wandpaneele_broschuere_845\/\" target=\"_blank\" rel=\"noopener\">Jetzt bl\u00e4ttern<\/a><a class=\"btn\" style=\"margin-top: 20px; display: inline-block; margin-right: 10px;\" href=\"\/wp-content\/uploads\/Kinedo_Wandpaneele-Broschuere_2405.pdf\">Brosch\u00fcre herunterladen (dt. Version)<\/a><a class=\"btn\" style=\"margin-top: 20px; display: inline-block; margin-right: 10px;\" href=\"\/news-inspiration\/ein-bad-fuers-leben\/\">Ein barrierearmes Bad planen<\/a><\/div>\n                      <\/div>\n                      <\/div>\n                    \n                        <\/div>\n                                                              <\/div>\n                                <\/div>\n        <\/div>\n    <\/div>\n\n\n<div class=\"modul-raster-wrapper normal\" >\n  <div class=\"wrapper\">\n    <div class=\"modul-raster  spacing-top--none spacing-bottom--small\">\n                    <\/div>\n        <\/div>\n    <\/div>\n<\/div>\n<\/section>\n\n<section class=\"m-product-color-accordion  spacing-top--medium spacing-bottom--small\">\n  <div class=\"wrapper\">\n    <div class=\"m-product-color-accordion__row-wrapper\">\n      <div class=\"m-product-color-accordion__row open\" data-accordion=\"\">\n        <div class=\"m-product-color-accordion__title\" data-accordion-trigger=\"\">\n          \n        <\/div>\n        <div class=\"m-product-color-accordion__content\">\n\n                                                                                                                                                                                      <\/div>\n      <\/div>\n    <\/div>\n  <\/div>\n<\/section>\n\n<section class=\"m-download-file-list  spacing-top--small spacing-bottom--medium\">\n  <div class=\"wrapper\">\n    <div class=\"m-download-file-list__row-wrapper\">\n      <div class=\"m-download-file-list__row \" data-accordion=\"\">\n        <div class=\"m-download-file-list__title\" data-accordion-trigger=\"\">\n          Downloads        <\/div>\n\n        <div class=\"m-download-file-list__content\">\n\n\n          \n                                \n          \n          <div class=\"m-download-file-list__content-row\">\n            <div class=\"m-download-file-list__content-name\">\n              Datenbl\u00e4tter            <\/div>\n            <div class=\"m-download-file-list__content-data\">\n              <ul class=\"m-download-list\">\n                                                    \n                              <\/ul>\n            <\/div>\n          <\/div>\n          \n                                <div class=\"m-download-file-list__content-row\">\n              <div class=\"m-download-file-list__content-name\">\n                Pflegehinweis              <\/div>\n              <div class=\"m-download-file-list__content-data\">\n                <ul class=\"m-download-list\">\n                  <li class=\"m-download-list__item\">\n                    <img decoding=\"async\" src=\"https:\/\/kinedo-bad.de\/wp-content\/themes\/kinedo\/img\/icons\/pdf.svg\" alt=\"\">\n\n                    <span class=\"m-download-list__item-title\">\n                      Pflegehinweis                    <\/span>\n\n                    <span class=\"m-download-list__item-size\">\n                      66 KB                    <\/span>\n\n                    <a href=\"https:\/\/kinedo-bad.de\/wp-content\/uploads\/knpf-pflegehinweise-kinedo-2101.pdf\" class=\"m-download-list__item-link\" target=\"_blank\">\n                      Download                    <\/a>\n                  <\/li>\n                <\/ul>\n              <\/div>\n            <\/div>\n                  <\/div>\n      <\/div>\n    <\/div>\n  <\/div>\n<\/section>","protected":false},"excerpt":{"rendered":"","protected":false},"author":6,"featured_media":180106,"parent":948,"menu_order":11,"comment_status":"closed","ping_status":"closed","template":"","meta":{"_acf_changed":false,"footnotes":""},"class_list":["post-63505","page","type-page","status-publish","has-post-thumbnail","hentry"],"acf":[],"yoast_head":"<!-- This site is optimized with the Yoast SEO plugin v27.3 - https:\/\/yoast.com\/product\/yoast-seo-wordpress\/ -->\n<title>Wandpaneele f\u00fcr kreative Dusch- &amp; Badgestaltung | Kinedo<\/title>\n<meta name=\"description\" content=\"Wandpaneele von Kinedo bieten modernes Design &amp; einfache Montage \u2713 Pflegeleichte Oberfl\u00e4chen \u2713 Optimal f\u00fcr Sanierungen &amp; barrierearme Badkonzepte | Kinedo\" \/>\n<meta name=\"robots\" content=\"index, follow, max-snippet:-1, max-image-preview:large, max-video-preview:-1\" \/>\n<link rel=\"canonical\" href=\"https:\/\/kinedo-bad.de\/de-ch\/produkte\/wandpaneele\/\" \/>\n<meta property=\"og:locale\" content=\"de_DE\" \/>\n<meta property=\"og:type\" content=\"article\" \/>\n<meta property=\"og:title\" content=\"Wandpaneele f\u00fcr kreative Dusch- &amp; Badgestaltung | Kinedo\" \/>\n<meta property=\"og:description\" content=\"Wandpaneele von Kinedo bieten modernes Design &amp; einfache Montage \u2713 Pflegeleichte Oberfl\u00e4chen \u2713 Optimal f\u00fcr Sanierungen &amp; barrierearme Badkonzepte | Kinedo\" \/>\n<meta property=\"og:url\" content=\"https:\/\/kinedo-bad.de\/de-ch\/produkte\/wandpaneele\/\" \/>\n<meta property=\"og:site_name\" content=\"Kinedo\" \/>\n<meta property=\"article:publisher\" content=\"https:\/\/www.facebook.com\/kinedodeutschland\" \/>\n<meta property=\"article:modified_time\" content=\"2026-03-04T14:22:26+00:00\" \/>\n<meta property=\"og:image\" content=\"https:\/\/kinedo-bad.de\/wp-content\/uploads\/wandpaneele_kinedo-1800x1125.jpg\" \/>\n\t<meta property=\"og:image:width\" content=\"1800\" \/>\n\t<meta property=\"og:image:height\" content=\"1125\" \/>\n\t<meta property=\"og:image:type\" content=\"image\/jpeg\" \/>\n<meta name=\"twitter:card\" content=\"summary_large_image\" \/>\n<script type=\"application\/ld+json\" class=\"yoast-schema-graph\">{\"@context\":\"https:\\\/\\\/schema.org\",\"@graph\":[{\"@type\":\"WebPage\",\"@id\":\"https:\\\/\\\/kinedo-bad.de\\\/de-ch\\\/produkte\\\/wandpaneele\\\/\",\"url\":\"https:\\\/\\\/kinedo-bad.de\\\/de-ch\\\/produkte\\\/wandpaneele\\\/\",\"name\":\"Wandpaneele f\u00fcr kreative Dusch- & Badgestaltung | Kinedo\",\"isPartOf\":{\"@id\":\"https:\\\/\\\/kinedo-bad.de\\\/de-ch\\\/#website\"},\"primaryImageOfPage\":{\"@id\":\"https:\\\/\\\/kinedo-bad.de\\\/de-ch\\\/produkte\\\/wandpaneele\\\/#primaryimage\"},\"image\":{\"@id\":\"https:\\\/\\\/kinedo-bad.de\\\/de-ch\\\/produkte\\\/wandpaneele\\\/#primaryimage\"},\"thumbnailUrl\":\"https:\\\/\\\/kinedo-bad.de\\\/wp-content\\\/uploads\\\/wandpaneele_kinedo.jpg\",\"datePublished\":\"2023-04-20T13:02:53+00:00\",\"dateModified\":\"2026-03-04T14:22:26+00:00\",\"description\":\"Wandpaneele von Kinedo bieten modernes Design & einfache Montage \u2713 Pflegeleichte Oberfl\u00e4chen \u2713 Optimal f\u00fcr Sanierungen & barrierearme Badkonzepte | Kinedo\",\"breadcrumb\":{\"@id\":\"https:\\\/\\\/kinedo-bad.de\\\/de-ch\\\/produkte\\\/wandpaneele\\\/#breadcrumb\"},\"inLanguage\":\"de-CH\",\"potentialAction\":[{\"@type\":\"ReadAction\",\"target\":[\"https:\\\/\\\/kinedo-bad.de\\\/de-ch\\\/produkte\\\/wandpaneele\\\/\"]}]},{\"@type\":\"ImageObject\",\"inLanguage\":\"de-CH\",\"@id\":\"https:\\\/\\\/kinedo-bad.de\\\/de-ch\\\/produkte\\\/wandpaneele\\\/#primaryimage\",\"url\":\"https:\\\/\\\/kinedo-bad.de\\\/wp-content\\\/uploads\\\/wandpaneele_kinedo.jpg\",\"contentUrl\":\"https:\\\/\\\/kinedo-bad.de\\\/wp-content\\\/uploads\\\/wandpaneele_kinedo.jpg\",\"width\":4100,\"height\":2306},{\"@type\":\"BreadcrumbList\",\"@id\":\"https:\\\/\\\/kinedo-bad.de\\\/de-ch\\\/produkte\\\/wandpaneele\\\/#breadcrumb\",\"itemListElement\":[{\"@type\":\"ListItem\",\"position\":1,\"name\":\"Start\",\"item\":\"https:\\\/\\\/kinedo-bad.de\\\/de-ch\\\/startseite\\\/\"},{\"@type\":\"ListItem\",\"position\":2,\"name\":\"Produkte\",\"item\":\"https:\\\/\\\/kinedo-bad.de\\\/de-ch\\\/produkte\\\/\"},{\"@type\":\"ListItem\",\"position\":3,\"name\":\"Wandpaneele\"}]},{\"@type\":\"WebSite\",\"@id\":\"https:\\\/\\\/kinedo-bad.de\\\/de-ch\\\/#website\",\"url\":\"https:\\\/\\\/kinedo-bad.de\\\/de-ch\\\/\",\"name\":\"SFA Sanibroy GmbH\",\"description\":\"\",\"publisher\":{\"@id\":\"https:\\\/\\\/kinedo-bad.de\\\/de-ch\\\/#organization\"},\"potentialAction\":[{\"@type\":\"SearchAction\",\"target\":{\"@type\":\"EntryPoint\",\"urlTemplate\":\"https:\\\/\\\/kinedo-bad.de\\\/de-ch\\\/?s={search_term_string}\"},\"query-input\":{\"@type\":\"PropertyValueSpecification\",\"valueRequired\":true,\"valueName\":\"search_term_string\"}}],\"inLanguage\":\"de-CH\"},{\"@type\":\"Organization\",\"@id\":\"https:\\\/\\\/kinedo-bad.de\\\/de-ch\\\/#organization\",\"name\":\"SFA Sanibroy GmbH\",\"url\":\"https:\\\/\\\/kinedo-bad.de\\\/de-ch\\\/\",\"logo\":{\"@type\":\"ImageObject\",\"inLanguage\":\"de-CH\",\"@id\":\"https:\\\/\\\/kinedo-bad.de\\\/de-ch\\\/#\\\/schema\\\/logo\\\/image\\\/\",\"url\":\"https:\\\/\\\/kinedo-bad.de\\\/wp-content\\\/uploads\\\/kinedo-logo-final.png\",\"contentUrl\":\"https:\\\/\\\/kinedo-bad.de\\\/wp-content\\\/uploads\\\/kinedo-logo-final.png\",\"width\":280,\"height\":114,\"caption\":\"SFA Sanibroy GmbH\"},\"image\":{\"@id\":\"https:\\\/\\\/kinedo-bad.de\\\/de-ch\\\/#\\\/schema\\\/logo\\\/image\\\/\"},\"sameAs\":[\"https:\\\/\\\/www.facebook.com\\\/kinedodeutschland\",\"https:\\\/\\\/www.instagram.com\\\/kinedo_d_a_ch\\\/\"]}]}<\/script>\n<!-- \/ Yoast SEO plugin. -->","yoast_head_json":{"title":"Wandpaneele f\u00fcr kreative Dusch- & Badgestaltung | Kinedo","description":"Wandpaneele von Kinedo bieten modernes Design & einfache Montage \u2713 Pflegeleichte Oberfl\u00e4chen \u2713 Optimal f\u00fcr Sanierungen & barrierearme Badkonzepte | Kinedo","robots":{"index":"index","follow":"follow","max-snippet":"max-snippet:-1","max-image-preview":"max-image-preview:large","max-video-preview":"max-video-preview:-1"},"canonical":"https:\/\/kinedo-bad.de\/de-ch\/produkte\/wandpaneele\/","og_locale":"de_DE","og_type":"article","og_title":"Wandpaneele f\u00fcr kreative Dusch- & Badgestaltung | Kinedo","og_description":"Wandpaneele von Kinedo bieten modernes Design & einfache Montage \u2713 Pflegeleichte Oberfl\u00e4chen \u2713 Optimal f\u00fcr Sanierungen & barrierearme Badkonzepte | Kinedo","og_url":"https:\/\/kinedo-bad.de\/de-ch\/produkte\/wandpaneele\/","og_site_name":"Kinedo","article_publisher":"https:\/\/www.facebook.com\/kinedodeutschland","article_modified_time":"2026-03-04T14:22:26+00:00","og_image":[{"width":1800,"height":1125,"url":"https:\/\/kinedo-bad.de\/wp-content\/uploads\/wandpaneele_kinedo-1800x1125.jpg","type":"image\/jpeg"}],"twitter_card":"summary_large_image","schema":{"@context":"https:\/\/schema.org","@graph":[{"@type":"WebPage","@id":"https:\/\/kinedo-bad.de\/de-ch\/produkte\/wandpaneele\/","url":"https:\/\/kinedo-bad.de\/de-ch\/produkte\/wandpaneele\/","name":"Wandpaneele f\u00fcr kreative Dusch- & Badgestaltung | Kinedo","isPartOf":{"@id":"https:\/\/kinedo-bad.de\/de-ch\/#website"},"primaryImageOfPage":{"@id":"https:\/\/kinedo-bad.de\/de-ch\/produkte\/wandpaneele\/#primaryimage"},"image":{"@id":"https:\/\/kinedo-bad.de\/de-ch\/produkte\/wandpaneele\/#primaryimage"},"thumbnailUrl":"https:\/\/kinedo-bad.de\/wp-content\/uploads\/wandpaneele_kinedo.jpg","datePublished":"2023-04-20T13:02:53+00:00","dateModified":"2026-03-04T14:22:26+00:00","description":"Wandpaneele von Kinedo bieten modernes Design & einfache Montage \u2713 Pflegeleichte Oberfl\u00e4chen \u2713 Optimal f\u00fcr Sanierungen & barrierearme Badkonzepte | Kinedo","breadcrumb":{"@id":"https:\/\/kinedo-bad.de\/de-ch\/produkte\/wandpaneele\/#breadcrumb"},"inLanguage":"de-CH","potentialAction":[{"@type":"ReadAction","target":["https:\/\/kinedo-bad.de\/de-ch\/produkte\/wandpaneele\/"]}]},{"@type":"ImageObject","inLanguage":"de-CH","@id":"https:\/\/kinedo-bad.de\/de-ch\/produkte\/wandpaneele\/#primaryimage","url":"https:\/\/kinedo-bad.de\/wp-content\/uploads\/wandpaneele_kinedo.jpg","contentUrl":"https:\/\/kinedo-bad.de\/wp-content\/uploads\/wandpaneele_kinedo.jpg","width":4100,"height":2306},{"@type":"BreadcrumbList","@id":"https:\/\/kinedo-bad.de\/de-ch\/produkte\/wandpaneele\/#breadcrumb","itemListElement":[{"@type":"ListItem","position":1,"name":"Start","item":"https:\/\/kinedo-bad.de\/de-ch\/startseite\/"},{"@type":"ListItem","position":2,"name":"Produkte","item":"https:\/\/kinedo-bad.de\/de-ch\/produkte\/"},{"@type":"ListItem","position":3,"name":"Wandpaneele"}]},{"@type":"WebSite","@id":"https:\/\/kinedo-bad.de\/de-ch\/#website","url":"https:\/\/kinedo-bad.de\/de-ch\/","name":"SFA Sanibroy GmbH","description":"","publisher":{"@id":"https:\/\/kinedo-bad.de\/de-ch\/#organization"},"potentialAction":[{"@type":"SearchAction","target":{"@type":"EntryPoint","urlTemplate":"https:\/\/kinedo-bad.de\/de-ch\/?s={search_term_string}"},"query-input":{"@type":"PropertyValueSpecification","valueRequired":true,"valueName":"search_term_string"}}],"inLanguage":"de-CH"},{"@type":"Organization","@id":"https:\/\/kinedo-bad.de\/de-ch\/#organization","name":"SFA Sanibroy GmbH","url":"https:\/\/kinedo-bad.de\/de-ch\/","logo":{"@type":"ImageObject","inLanguage":"de-CH","@id":"https:\/\/kinedo-bad.de\/de-ch\/#\/schema\/logo\/image\/","url":"https:\/\/kinedo-bad.de\/wp-content\/uploads\/kinedo-logo-final.png","contentUrl":"https:\/\/kinedo-bad.de\/wp-content\/uploads\/kinedo-logo-final.png","width":280,"height":114,"caption":"SFA Sanibroy GmbH"},"image":{"@id":"https:\/\/kinedo-bad.de\/de-ch\/#\/schema\/logo\/image\/"},"sameAs":["https:\/\/www.facebook.com\/kinedodeutschland","https:\/\/www.instagram.com\/kinedo_d_a_ch\/"]}]}},"_links":{"self":[{"href":"https:\/\/kinedo-bad.de\/de-ch\/wp-json\/wp\/v2\/pages\/63505","targetHints":{"allow":["GET"]}}],"collection":[{"href":"https:\/\/kinedo-bad.de\/de-ch\/wp-json\/wp\/v2\/pages"}],"about":[{"href":"https:\/\/kinedo-bad.de\/de-ch\/wp-json\/wp\/v2\/types\/page"}],"author":[{"embeddable":true,"href":"https:\/\/kinedo-bad.de\/de-ch\/wp-json\/wp\/v2\/users\/6"}],"replies":[{"embeddable":true,"href":"https:\/\/kinedo-bad.de\/de-ch\/wp-json\/wp\/v2\/comments?post=63505"}],"version-history":[{"count":5,"href":"https:\/\/kinedo-bad.de\/de-ch\/wp-json\/wp\/v2\/pages\/63505\/revisions"}],"predecessor-version":[{"id":181366,"href":"https:\/\/kinedo-bad.de\/de-ch\/wp-json\/wp\/v2\/pages\/63505\/revisions\/181366"}],"up":[{"embeddable":true,"href":"https:\/\/kinedo-bad.de\/de-ch\/wp-json\/wp\/v2\/pages\/948"}],"wp:featuredmedia":[{"embeddable":true,"href":"https:\/\/kinedo-bad.de\/de-ch\/wp-json\/wp\/v2\/media\/180106"}],"wp:attachment":[{"href":"https:\/\/kinedo-bad.de\/de-ch\/wp-json\/wp\/v2\/media?parent=63505"}],"curies":[{"name":"wp","href":"https:\/\/api.w.org\/{rel}","templated":true}]}}