{"id":63497,"date":"2023-04-20T15:02:53","date_gmt":"2023-04-20T13:02:53","guid":{"rendered":"https:\/\/kinedo1.fokuspokus.dev\/produkte\/dusch-paneele\/"},"modified":"2026-03-04T15:15:06","modified_gmt":"2026-03-04T14:15:06","slug":"dusch-paneele","status":"publish","type":"page","link":"https:\/\/kinedo-bad.de\/de-ch\/produkte\/dusch-paneele\/","title":{"rendered":"Dusch-Paneele"},"content":{"rendered":"<div class=\"m-page-hero small reverse\">\n  <div class=\"m-page-hero__background\">\n                      <picture class=\"rocket-no-lazy m-page-hero__background-img\">\n          <source media=\"(min-width: 105em)\" srcset=\"https:\/\/kinedo-bad.de\/wp-content\/uploads\/knmi_aquanova_weiss.jpg 2000w,\n                        https:\/\/kinedo-bad.de\/wp-content\/uploads\/knmi_aquanova_weiss-1500x643.jpg 1500w,\n                        https:\/\/kinedo-bad.de\/wp-content\/uploads\/knmi_aquanova_weiss-1000x428.jpg 1000w,\n                        https:\/\/kinedo-bad.de\/wp-content\/uploads\/knmi_aquanova_weiss-500x214.jpg 500w,\n                        https:\/\/kinedo-bad.de\/wp-content\/uploads\/knmi_aquanova_weiss-250x107.jpg 250w\">\n          <source srcset=\"https:\/\/kinedo-bad.de\/wp-content\/uploads\/duschpaneel_kinedo.jpg 2000w,\n                        https:\/\/kinedo-bad.de\/wp-content\/uploads\/duschpaneel_kinedo-1500x844.jpg 1500w,\n                        https:\/\/kinedo-bad.de\/wp-content\/uploads\/duschpaneel_kinedo-1000x563.jpg 1000w,\n                        https:\/\/kinedo-bad.de\/wp-content\/uploads\/duschpaneel_kinedo-500x281.jpg 500w,\n                        https:\/\/kinedo-bad.de\/wp-content\/uploads\/duschpaneel_kinedo-250x141.jpg 250w\">\n          <img decoding=\"async\" class=\"rocket-no-lazy\" src=\"https:\/\/kinedo-bad.de\/wp-content\/uploads\/duschpaneel_kinedo-1500x844.jpg\" alt=\"\">\n        <\/picture>\n            <\/div>\n\n  <div class=\"m-page-hero__content-wrapper\">\n    <div class=\"m-page-hero__content\">\n      <div class=\"wrapper\">\n        \n        \n                    <h1 class=\"m-page-hero__content-title right\" data-count=\"54\" data-text-align=\"\"\"\">\n            <span style=\"white-space:nowrap;\">Dusch-Paneele<\/span>          <\/h1>\n\n        \n        <div class=\"m-page-hero__content-text\">\n                      <p>\n              Hochwertige Duschpaneele mit stilvollen Armaturen, entspannenden Regenwasserduschen und kr\u00e4ftigen Handbrausen verwandeln das t\u00e4gliche Duschen in ein kleines Wellness-Ritual.            <\/p>\n          \n\n\n          \n\n            \n\n\n                  <\/div>\n      <\/div>\n    <\/div>\n  <\/div>\n<\/div>\n\n<section class=\"m-breadcrumb\">\n  <div class=\"wrapper\">\n    <div id=\"breadcrumbs\" class=\"m-breadcrumb__list\"><span><span><a href=\"https:\/\/kinedo-bad.de\/de-ch\/startseite\/\">Start<\/a><\/span><\/span><\/div>  <\/div>\n<\/section>\n\n<section class=\"m-tile-list m-tile-list--1-2 spacing-top--small spacing-bottom--medium\" id=\"Produkte\">\n  <div class=\"wrapper\">\n    <div class=\"m-tile-list__title with-text\">\n      <h2 class=\"\">\n        Wasser Marsch!       <\/h2>\n\n              <div>\n          <aside class=\"wysiwyg\">\n            <p>Egal ob Duscharmatur im Industrial Style, klassisch in Chrom oder Edelstahl oder futuristische Duschs\u00e4ule \u2013 unsere Dusch-Paneele steigern allesamt das Wohlbefinden beim Duschen. <br \/>\r\n<br \/>\r\nPraktische Details sorgen daf\u00fcr, dass der Tag unter der Dusche garantiert stressfrei beginnt. <\/p>\n          <\/aside>\n        <\/div>\n          <\/div>\n\n    <div class=\"m-tile-list__list\">\n                    <a href=\"https:\/\/kinedo-bad.de\/produkt\/aquafactory\/\" target=\"_self\" class=\"m-tile\">\n                <div class=\"m-tile__content\">\n                  <div class=\"m-tile__background\">\n                    <!-- Falls WP Rocket lazy blockt, Klasse so lassen, sonst entfernen -->\n                    <img class=\"rocket-no-lazy\" srcset=\"https:\/\/kinedo-bad.de\/wp-content\/uploads\/knmi_aquafactory_mattschwarz-3-2-250x167.jpg 250w, https:\/\/kinedo-bad.de\/wp-content\/uploads\/knmi_aquafactory_mattschwarz-3-2-500x333.jpg 500w, https:\/\/kinedo-bad.de\/wp-content\/uploads\/knmi_aquafactory_mattschwarz-3-2-1000x667.jpg 1000w, https:\/\/kinedo-bad.de\/wp-content\/uploads\/knmi_aquafactory_mattschwarz-3-2-1500x1000.jpg 1500w, https:\/\/kinedo-bad.de\/wp-content\/uploads\/knmi_aquafactory_mattschwarz-3-2.jpg 2000w\" sizes=\"auto, (min-width: 56em) 950px, 100vw\" src=\"https:\/\/kinedo-bad.de\/wp-content\/uploads\/knmi_aquafactory_mattschwarz-3-2-1000x667.jpg\" alt=\"\" itemprop=\"image\" loading=\"lazy\" decoding=\"async\" width=\"2700\" height=\"1800\" loading=\"lazy\" decoding=\"async\">\n                  <\/div>\n                  <div class=\"m-tile__title\">\n                    <span class=\"m-tile__title-name\">\n                      Aquafactory                    <\/span>\n                    <span class=\"m-tile__title-more\">\n                      mehr                    <\/span>\n                  <\/div>\n                <\/div>\n                                  <div class=\"m-tile__text\">\n                    Duscharmatur aus Edelstahl in modernem Industrie-Look                  <\/div>\n                              <\/a>\n                    <a href=\"https:\/\/kinedo-bad.de\/produkt\/aquamoon\/\" target=\"_self\" class=\"m-tile\">\n                <div class=\"m-tile__content\">\n                  <div class=\"m-tile__background\">\n                    <!-- Falls WP Rocket lazy blockt, Klasse so lassen, sonst entfernen -->\n                    <img class=\"rocket-no-lazy\" srcset=\"https:\/\/kinedo-bad.de\/wp-content\/uploads\/knmi_aquamoon_weiss-250x107.jpg 250w, https:\/\/kinedo-bad.de\/wp-content\/uploads\/knmi_aquamoon_weiss-500x214.jpg 500w, https:\/\/kinedo-bad.de\/wp-content\/uploads\/knmi_aquamoon_weiss-1000x428.jpg 1000w, https:\/\/kinedo-bad.de\/wp-content\/uploads\/knmi_aquamoon_weiss-1500x643.jpg 1500w, https:\/\/kinedo-bad.de\/wp-content\/uploads\/knmi_aquamoon_weiss.jpg 2000w\" sizes=\"auto, (min-width: 56em) 950px, 100vw\" src=\"https:\/\/kinedo-bad.de\/wp-content\/uploads\/knmi_aquamoon_weiss-1000x428.jpg\" alt=\"\" itemprop=\"image\" loading=\"lazy\" decoding=\"async\" width=\"3840\" height=\"1645\" loading=\"lazy\" decoding=\"async\">\n                  <\/div>\n                  <div class=\"m-tile__title\">\n                    <span class=\"m-tile__title-name\">\n                      Aquamoon                    <\/span>\n                    <span class=\"m-tile__title-more\">\n                      mehr                    <\/span>\n                  <\/div>\n                <\/div>\n                                  <div class=\"m-tile__text\">\n                    Design-Duschs\u00e4ule aus ABS                  <\/div>\n                              <\/a>\n                    <a href=\"https:\/\/kinedo-bad.de\/produkt\/aquanova\/\" target=\"_self\" class=\"m-tile\">\n                <div class=\"m-tile__content\">\n                  <div class=\"m-tile__background\">\n                    <!-- Falls WP Rocket lazy blockt, Klasse so lassen, sonst entfernen -->\n                    <img class=\"rocket-no-lazy\" srcset=\"https:\/\/kinedo-bad.de\/wp-content\/uploads\/knmi_aquanova_verchromt-250x107.jpg 250w, https:\/\/kinedo-bad.de\/wp-content\/uploads\/knmi_aquanova_verchromt-500x214.jpg 500w, https:\/\/kinedo-bad.de\/wp-content\/uploads\/knmi_aquanova_verchromt-1000x428.jpg 1000w, https:\/\/kinedo-bad.de\/wp-content\/uploads\/knmi_aquanova_verchromt-1500x643.jpg 1500w, https:\/\/kinedo-bad.de\/wp-content\/uploads\/knmi_aquanova_verchromt.jpg 2000w\" sizes=\"auto, (min-width: 56em) 950px, 100vw\" src=\"https:\/\/kinedo-bad.de\/wp-content\/uploads\/knmi_aquanova_verchromt-1000x428.jpg\" alt=\"\" itemprop=\"image\" loading=\"lazy\" decoding=\"async\" width=\"3840\" height=\"1645\" loading=\"lazy\" decoding=\"async\">\n                  <\/div>\n                  <div class=\"m-tile__title\">\n                    <span class=\"m-tile__title-name\">\n                      Aquanova                    <\/span>\n                    <span class=\"m-tile__title-more\">\n                      mehr                    <\/span>\n                  <\/div>\n                <\/div>\n                                  <div class=\"m-tile__text\">\n                    Duscharmatur aus Edelstahl in wei\u00df matt oder verchromt mit Drucktasten                  <\/div>\n                              <\/a>\n                    <a href=\"https:\/\/kinedo-bad.de\/produkt\/aquatica\/\" target=\"_self\" class=\"m-tile\">\n                <div class=\"m-tile__content\">\n                  <div class=\"m-tile__background\">\n                    <!-- Falls WP Rocket lazy blockt, Klasse so lassen, sonst entfernen -->\n                    <img class=\"rocket-no-lazy\" srcset=\"https:\/\/kinedo-bad.de\/wp-content\/uploads\/knmi_aquatica-3-2-250x167.jpg 250w, https:\/\/kinedo-bad.de\/wp-content\/uploads\/knmi_aquatica-3-2-500x333.jpg 500w, https:\/\/kinedo-bad.de\/wp-content\/uploads\/knmi_aquatica-3-2-1000x667.jpg 1000w, https:\/\/kinedo-bad.de\/wp-content\/uploads\/knmi_aquatica-3-2.jpg 1500w, https:\/\/kinedo-bad.de\/wp-content\/uploads\/knmi_aquatica-3-2.jpg 2000w\" sizes=\"auto, (min-width: 56em) 950px, 100vw\" src=\"https:\/\/kinedo-bad.de\/wp-content\/uploads\/knmi_aquatica-3-2-1000x667.jpg\" alt=\"\" itemprop=\"image\" loading=\"lazy\" decoding=\"async\" width=\"1450\" height=\"967\" loading=\"lazy\" decoding=\"async\">\n                  <\/div>\n                  <div class=\"m-tile__title\">\n                    <span class=\"m-tile__title-name\">\n                      Aquatica                    <\/span>\n                    <span class=\"m-tile__title-more\">\n                      mehr                    <\/span>\n                  <\/div>\n                <\/div>\n                                  <div class=\"m-tile__text\">\n                    Formsch\u00f6ne, universell einsetzbare Duscharmatur in Chrom mit tollen technischen Details                  <\/div>\n                              <\/a>\n                    <a href=\"https:\/\/kinedo-bad.de\/produkt\/aquastyle\/\" target=\"_self\" class=\"m-tile\">\n                <div class=\"m-tile__content\">\n                  <div class=\"m-tile__background\">\n                    <!-- Falls WP Rocket lazy blockt, Klasse so lassen, sonst entfernen -->\n                    <img class=\"rocket-no-lazy\" srcset=\"https:\/\/kinedo-bad.de\/wp-content\/uploads\/knmi_aquastyle-1-250x141.jpg 250w, https:\/\/kinedo-bad.de\/wp-content\/uploads\/knmi_aquastyle-1-500x281.jpg 500w, https:\/\/kinedo-bad.de\/wp-content\/uploads\/knmi_aquastyle-1-1000x563.jpg 1000w, https:\/\/kinedo-bad.de\/wp-content\/uploads\/knmi_aquastyle-1-1500x844.jpg 1500w, https:\/\/kinedo-bad.de\/wp-content\/uploads\/knmi_aquastyle-1.jpg 2000w\" sizes=\"auto, (min-width: 56em) 950px, 100vw\" src=\"https:\/\/kinedo-bad.de\/wp-content\/uploads\/knmi_aquastyle-1-1000x563.jpg\" alt=\"\" itemprop=\"image\" loading=\"lazy\" decoding=\"async\" width=\"2800\" height=\"1575\" loading=\"lazy\" decoding=\"async\">\n                  <\/div>\n                  <div class=\"m-tile__title\">\n                    <span class=\"m-tile__title-name\">\n                      Aquastyle                    <\/span>\n                    <span class=\"m-tile__title-more\">\n                      mehr                    <\/span>\n                  <\/div>\n                <\/div>\n                                  <div class=\"m-tile__text\">\n                    Duschs\u00e4ule aus geb\u00fcrstetem Edelstahl, mattwei\u00df oder mattschwarz als starkes Design-Element im Bad                  <\/div>\n                              <\/a>\n          <\/div>\n  <\/div>\n<\/section>\n\n\n<section class=\"m-full-image-slider  spacing-top--none spacing-bottom--medium\" id=\"Bildgalerie\">\n\n  <div class=\"m-full-image-slider__wrapper\">\n    <div class=\"m-full-image-slider__arrows\">\n      <button class=\"m-full-image-slider__arrow prev\" data-gallery-full-slider-prev=\"\">\n      <\/button>\n      <button class=\"m-full-image-slider__arrow next\" data-gallery-full-slider-next=\"\">\n      <\/button>\n    <\/div>\n    <div data-gallery-full-slider=\"\">\n      \n                          <\/div>\n  <\/div>\n\n<\/section>\n\n<section class=\"m-product-color-accordion  spacing-top--none spacing-bottom--none\">\n  <div class=\"wrapper\">\n    <div class=\"m-product-color-accordion__row-wrapper\">\n      <div class=\"m-product-color-accordion__row open\" data-accordion=\"\">\n        <div class=\"m-product-color-accordion__title\" data-accordion-trigger=\"\">\n          \n        <\/div>\n        <div class=\"m-product-color-accordion__content\">\n\n                                                                                                                                                                                      <\/div>\n      <\/div>\n    <\/div>\n  <\/div>\n<\/section>\n\n<section class=\"m-download-file-list  spacing-top--small spacing-bottom--medium\">\n  <div class=\"wrapper\">\n    <div class=\"m-download-file-list__row-wrapper\">\n      <div class=\"m-download-file-list__row \" data-accordion=\"\">\n        <div class=\"m-download-file-list__title\" data-accordion-trigger=\"\">\n          Downloads        <\/div>\n\n        <div class=\"m-download-file-list__content\">\n\n\n                                \n          \n          \n          <div class=\"m-download-file-list__content-row\">\n            <div class=\"m-download-file-list__content-name\">\n              Datenbl\u00e4tter            <\/div>\n            <div class=\"m-download-file-list__content-data\">\n              <ul class=\"m-download-list\">\n                                              <\/ul>\n            <\/div>\n          <\/div>\n          \n                                <div class=\"m-download-file-list__content-row\">\n              <div class=\"m-download-file-list__content-name\">\n                Pflegehinweis              <\/div>\n              <div class=\"m-download-file-list__content-data\">\n                <ul class=\"m-download-list\">\n                  <li class=\"m-download-list__item\">\n                    <img decoding=\"async\" src=\"https:\/\/kinedo-bad.de\/wp-content\/themes\/kinedo\/img\/icons\/pdf.svg\" alt=\"\">\n\n                    <span class=\"m-download-list__item-title\">\n                      Pflegehinweis                    <\/span>\n\n                    <span class=\"m-download-list__item-size\">\n                      66 KB                    <\/span>\n\n                    <a href=\"https:\/\/kinedo-bad.de\/wp-content\/uploads\/knpf-pflegehinweise-kinedo-2101.pdf\" class=\"m-download-list__item-link\" target=\"_blank\">\n                      Download                    <\/a>\n                  <\/li>\n                <\/ul>\n              <\/div>\n            <\/div>\n                  <\/div>\n      <\/div>\n    <\/div>\n  <\/div>\n<\/section>","protected":false},"excerpt":{"rendered":"","protected":false},"author":6,"featured_media":180103,"parent":948,"menu_order":4,"comment_status":"closed","ping_status":"closed","template":"","meta":{"_acf_changed":false,"footnotes":""},"class_list":["post-63497","page","type-page","status-publish","has-post-thumbnail","hentry"],"acf":[],"yoast_head":"<!-- This site is optimized with the Yoast SEO plugin v27.3 - https:\/\/yoast.com\/product\/yoast-seo-wordpress\/ -->\n<title>Kinedo Duschpaneele f\u00fcr Komfort + Design | Kinedo<\/title>\n<meta name=\"description\" content=\"Duschpaneele von Kinedo bieten modernen Komfort \u2713 Funktional &amp; stilvoll \u2713 Ideal f\u00fcr barrierearme Badl\u00f6sungen in kleinen und grossen B\u00e4dern | Kinedo\" \/>\n<meta name=\"robots\" content=\"index, follow, max-snippet:-1, max-image-preview:large, max-video-preview:-1\" \/>\n<link rel=\"canonical\" href=\"https:\/\/kinedo-bad.de\/de-ch\/produkte\/dusch-paneele\/\" \/>\n<meta property=\"og:locale\" content=\"de_DE\" \/>\n<meta property=\"og:type\" content=\"article\" \/>\n<meta property=\"og:title\" content=\"Kinedo Duschpaneele f\u00fcr Komfort + Design | Kinedo\" \/>\n<meta property=\"og:description\" content=\"Duschpaneele von Kinedo bieten modernen Komfort \u2713 Funktional &amp; stilvoll \u2713 Ideal f\u00fcr barrierearme Badl\u00f6sungen in kleinen und grossen B\u00e4dern | Kinedo\" \/>\n<meta property=\"og:url\" content=\"https:\/\/kinedo-bad.de\/de-ch\/produkte\/dusch-paneele\/\" \/>\n<meta property=\"og:site_name\" content=\"Kinedo\" \/>\n<meta property=\"article:publisher\" content=\"https:\/\/www.facebook.com\/kinedodeutschland\" \/>\n<meta property=\"article:modified_time\" content=\"2026-03-04T14:15:06+00:00\" \/>\n<meta property=\"og:image\" content=\"https:\/\/kinedo-bad.de\/wp-content\/uploads\/duschpaneel_kinedo-1800x1125.jpg\" \/>\n\t<meta property=\"og:image:width\" content=\"1800\" \/>\n\t<meta property=\"og:image:height\" content=\"1125\" \/>\n\t<meta property=\"og:image:type\" content=\"image\/jpeg\" \/>\n<meta name=\"twitter:card\" content=\"summary_large_image\" \/>\n<script type=\"application\/ld+json\" class=\"yoast-schema-graph\">{\"@context\":\"https:\\\/\\\/schema.org\",\"@graph\":[{\"@type\":\"WebPage\",\"@id\":\"https:\\\/\\\/kinedo-bad.de\\\/de-ch\\\/produkte\\\/dusch-paneele\\\/\",\"url\":\"https:\\\/\\\/kinedo-bad.de\\\/de-ch\\\/produkte\\\/dusch-paneele\\\/\",\"name\":\"Kinedo Duschpaneele f\u00fcr Komfort + Design | Kinedo\",\"isPartOf\":{\"@id\":\"https:\\\/\\\/kinedo-bad.de\\\/de-ch\\\/#website\"},\"primaryImageOfPage\":{\"@id\":\"https:\\\/\\\/kinedo-bad.de\\\/de-ch\\\/produkte\\\/dusch-paneele\\\/#primaryimage\"},\"image\":{\"@id\":\"https:\\\/\\\/kinedo-bad.de\\\/de-ch\\\/produkte\\\/dusch-paneele\\\/#primaryimage\"},\"thumbnailUrl\":\"https:\\\/\\\/kinedo-bad.de\\\/wp-content\\\/uploads\\\/duschpaneel_kinedo.jpg\",\"datePublished\":\"2023-04-20T13:02:53+00:00\",\"dateModified\":\"2026-03-04T14:15:06+00:00\",\"description\":\"Duschpaneele von Kinedo bieten modernen Komfort \u2713 Funktional & stilvoll \u2713 Ideal f\u00fcr barrierearme Badl\u00f6sungen in kleinen und grossen B\u00e4dern | Kinedo\",\"breadcrumb\":{\"@id\":\"https:\\\/\\\/kinedo-bad.de\\\/de-ch\\\/produkte\\\/dusch-paneele\\\/#breadcrumb\"},\"inLanguage\":\"de-CH\",\"potentialAction\":[{\"@type\":\"ReadAction\",\"target\":[\"https:\\\/\\\/kinedo-bad.de\\\/de-ch\\\/produkte\\\/dusch-paneele\\\/\"]}]},{\"@type\":\"ImageObject\",\"inLanguage\":\"de-CH\",\"@id\":\"https:\\\/\\\/kinedo-bad.de\\\/de-ch\\\/produkte\\\/dusch-paneele\\\/#primaryimage\",\"url\":\"https:\\\/\\\/kinedo-bad.de\\\/wp-content\\\/uploads\\\/duschpaneel_kinedo.jpg\",\"contentUrl\":\"https:\\\/\\\/kinedo-bad.de\\\/wp-content\\\/uploads\\\/duschpaneel_kinedo.jpg\",\"width\":2560,\"height\":1440},{\"@type\":\"BreadcrumbList\",\"@id\":\"https:\\\/\\\/kinedo-bad.de\\\/de-ch\\\/produkte\\\/dusch-paneele\\\/#breadcrumb\",\"itemListElement\":[{\"@type\":\"ListItem\",\"position\":1,\"name\":\"Start\",\"item\":\"https:\\\/\\\/kinedo-bad.de\\\/de-ch\\\/startseite\\\/\"},{\"@type\":\"ListItem\",\"position\":2,\"name\":\"Produkte\",\"item\":\"https:\\\/\\\/kinedo-bad.de\\\/de-ch\\\/produkte\\\/\"},{\"@type\":\"ListItem\",\"position\":3,\"name\":\"Dusch-Paneele\"}]},{\"@type\":\"WebSite\",\"@id\":\"https:\\\/\\\/kinedo-bad.de\\\/de-ch\\\/#website\",\"url\":\"https:\\\/\\\/kinedo-bad.de\\\/de-ch\\\/\",\"name\":\"SFA Sanibroy GmbH\",\"description\":\"\",\"publisher\":{\"@id\":\"https:\\\/\\\/kinedo-bad.de\\\/de-ch\\\/#organization\"},\"potentialAction\":[{\"@type\":\"SearchAction\",\"target\":{\"@type\":\"EntryPoint\",\"urlTemplate\":\"https:\\\/\\\/kinedo-bad.de\\\/de-ch\\\/?s={search_term_string}\"},\"query-input\":{\"@type\":\"PropertyValueSpecification\",\"valueRequired\":true,\"valueName\":\"search_term_string\"}}],\"inLanguage\":\"de-CH\"},{\"@type\":\"Organization\",\"@id\":\"https:\\\/\\\/kinedo-bad.de\\\/de-ch\\\/#organization\",\"name\":\"SFA Sanibroy GmbH\",\"url\":\"https:\\\/\\\/kinedo-bad.de\\\/de-ch\\\/\",\"logo\":{\"@type\":\"ImageObject\",\"inLanguage\":\"de-CH\",\"@id\":\"https:\\\/\\\/kinedo-bad.de\\\/de-ch\\\/#\\\/schema\\\/logo\\\/image\\\/\",\"url\":\"https:\\\/\\\/kinedo-bad.de\\\/wp-content\\\/uploads\\\/kinedo-logo-final.png\",\"contentUrl\":\"https:\\\/\\\/kinedo-bad.de\\\/wp-content\\\/uploads\\\/kinedo-logo-final.png\",\"width\":280,\"height\":114,\"caption\":\"SFA Sanibroy GmbH\"},\"image\":{\"@id\":\"https:\\\/\\\/kinedo-bad.de\\\/de-ch\\\/#\\\/schema\\\/logo\\\/image\\\/\"},\"sameAs\":[\"https:\\\/\\\/www.facebook.com\\\/kinedodeutschland\",\"https:\\\/\\\/www.instagram.com\\\/kinedo_d_a_ch\\\/\"]}]}<\/script>\n<!-- \/ Yoast SEO plugin. -->","yoast_head_json":{"title":"Kinedo Duschpaneele f\u00fcr Komfort + Design | Kinedo","description":"Duschpaneele von Kinedo bieten modernen Komfort \u2713 Funktional & stilvoll \u2713 Ideal f\u00fcr barrierearme Badl\u00f6sungen in kleinen und grossen B\u00e4dern | Kinedo","robots":{"index":"index","follow":"follow","max-snippet":"max-snippet:-1","max-image-preview":"max-image-preview:large","max-video-preview":"max-video-preview:-1"},"canonical":"https:\/\/kinedo-bad.de\/de-ch\/produkte\/dusch-paneele\/","og_locale":"de_DE","og_type":"article","og_title":"Kinedo Duschpaneele f\u00fcr Komfort + Design | Kinedo","og_description":"Duschpaneele von Kinedo bieten modernen Komfort \u2713 Funktional & stilvoll \u2713 Ideal f\u00fcr barrierearme Badl\u00f6sungen in kleinen und grossen B\u00e4dern | Kinedo","og_url":"https:\/\/kinedo-bad.de\/de-ch\/produkte\/dusch-paneele\/","og_site_name":"Kinedo","article_publisher":"https:\/\/www.facebook.com\/kinedodeutschland","article_modified_time":"2026-03-04T14:15:06+00:00","og_image":[{"width":1800,"height":1125,"url":"https:\/\/kinedo-bad.de\/wp-content\/uploads\/duschpaneel_kinedo-1800x1125.jpg","type":"image\/jpeg"}],"twitter_card":"summary_large_image","schema":{"@context":"https:\/\/schema.org","@graph":[{"@type":"WebPage","@id":"https:\/\/kinedo-bad.de\/de-ch\/produkte\/dusch-paneele\/","url":"https:\/\/kinedo-bad.de\/de-ch\/produkte\/dusch-paneele\/","name":"Kinedo Duschpaneele f\u00fcr Komfort + Design | Kinedo","isPartOf":{"@id":"https:\/\/kinedo-bad.de\/de-ch\/#website"},"primaryImageOfPage":{"@id":"https:\/\/kinedo-bad.de\/de-ch\/produkte\/dusch-paneele\/#primaryimage"},"image":{"@id":"https:\/\/kinedo-bad.de\/de-ch\/produkte\/dusch-paneele\/#primaryimage"},"thumbnailUrl":"https:\/\/kinedo-bad.de\/wp-content\/uploads\/duschpaneel_kinedo.jpg","datePublished":"2023-04-20T13:02:53+00:00","dateModified":"2026-03-04T14:15:06+00:00","description":"Duschpaneele von Kinedo bieten modernen Komfort \u2713 Funktional & stilvoll \u2713 Ideal f\u00fcr barrierearme Badl\u00f6sungen in kleinen und grossen B\u00e4dern | Kinedo","breadcrumb":{"@id":"https:\/\/kinedo-bad.de\/de-ch\/produkte\/dusch-paneele\/#breadcrumb"},"inLanguage":"de-CH","potentialAction":[{"@type":"ReadAction","target":["https:\/\/kinedo-bad.de\/de-ch\/produkte\/dusch-paneele\/"]}]},{"@type":"ImageObject","inLanguage":"de-CH","@id":"https:\/\/kinedo-bad.de\/de-ch\/produkte\/dusch-paneele\/#primaryimage","url":"https:\/\/kinedo-bad.de\/wp-content\/uploads\/duschpaneel_kinedo.jpg","contentUrl":"https:\/\/kinedo-bad.de\/wp-content\/uploads\/duschpaneel_kinedo.jpg","width":2560,"height":1440},{"@type":"BreadcrumbList","@id":"https:\/\/kinedo-bad.de\/de-ch\/produkte\/dusch-paneele\/#breadcrumb","itemListElement":[{"@type":"ListItem","position":1,"name":"Start","item":"https:\/\/kinedo-bad.de\/de-ch\/startseite\/"},{"@type":"ListItem","position":2,"name":"Produkte","item":"https:\/\/kinedo-bad.de\/de-ch\/produkte\/"},{"@type":"ListItem","position":3,"name":"Dusch-Paneele"}]},{"@type":"WebSite","@id":"https:\/\/kinedo-bad.de\/de-ch\/#website","url":"https:\/\/kinedo-bad.de\/de-ch\/","name":"SFA Sanibroy GmbH","description":"","publisher":{"@id":"https:\/\/kinedo-bad.de\/de-ch\/#organization"},"potentialAction":[{"@type":"SearchAction","target":{"@type":"EntryPoint","urlTemplate":"https:\/\/kinedo-bad.de\/de-ch\/?s={search_term_string}"},"query-input":{"@type":"PropertyValueSpecification","valueRequired":true,"valueName":"search_term_string"}}],"inLanguage":"de-CH"},{"@type":"Organization","@id":"https:\/\/kinedo-bad.de\/de-ch\/#organization","name":"SFA Sanibroy GmbH","url":"https:\/\/kinedo-bad.de\/de-ch\/","logo":{"@type":"ImageObject","inLanguage":"de-CH","@id":"https:\/\/kinedo-bad.de\/de-ch\/#\/schema\/logo\/image\/","url":"https:\/\/kinedo-bad.de\/wp-content\/uploads\/kinedo-logo-final.png","contentUrl":"https:\/\/kinedo-bad.de\/wp-content\/uploads\/kinedo-logo-final.png","width":280,"height":114,"caption":"SFA Sanibroy GmbH"},"image":{"@id":"https:\/\/kinedo-bad.de\/de-ch\/#\/schema\/logo\/image\/"},"sameAs":["https:\/\/www.facebook.com\/kinedodeutschland","https:\/\/www.instagram.com\/kinedo_d_a_ch\/"]}]}},"_links":{"self":[{"href":"https:\/\/kinedo-bad.de\/de-ch\/wp-json\/wp\/v2\/pages\/63497","targetHints":{"allow":["GET"]}}],"collection":[{"href":"https:\/\/kinedo-bad.de\/de-ch\/wp-json\/wp\/v2\/pages"}],"about":[{"href":"https:\/\/kinedo-bad.de\/de-ch\/wp-json\/wp\/v2\/types\/page"}],"author":[{"embeddable":true,"href":"https:\/\/kinedo-bad.de\/de-ch\/wp-json\/wp\/v2\/users\/6"}],"replies":[{"embeddable":true,"href":"https:\/\/kinedo-bad.de\/de-ch\/wp-json\/wp\/v2\/comments?post=63497"}],"version-history":[{"count":6,"href":"https:\/\/kinedo-bad.de\/de-ch\/wp-json\/wp\/v2\/pages\/63497\/revisions"}],"predecessor-version":[{"id":180938,"href":"https:\/\/kinedo-bad.de\/de-ch\/wp-json\/wp\/v2\/pages\/63497\/revisions\/180938"}],"up":[{"embeddable":true,"href":"https:\/\/kinedo-bad.de\/de-ch\/wp-json\/wp\/v2\/pages\/948"}],"wp:featuredmedia":[{"embeddable":true,"href":"https:\/\/kinedo-bad.de\/de-ch\/wp-json\/wp\/v2\/media\/180103"}],"wp:attachment":[{"href":"https:\/\/kinedo-bad.de\/de-ch\/wp-json\/wp\/v2\/media?parent=63497"}],"curies":[{"name":"wp","href":"https:\/\/api.w.org\/{rel}","templated":true}]}}