{"id":23,"date":"2023-01-30T09:38:10","date_gmt":"2023-01-30T08:38:16","guid":{"rendered":"https:\/\/kinedo1.fokuspokus.dev\/impressum\/"},"modified":"2025-07-30T12:19:16","modified_gmt":"2025-07-30T10:19:16","slug":"impressum","status":"publish","type":"page","link":"https:\/\/kinedo-bad.de\/de-ch\/impressum\/","title":{"rendered":"Impressum"},"content":{"rendered":"<section class=\"m-page-hero-color\">\n  <div class=\"wrapper\">\n    <div class=\"m-page-hero-color__content\">\n      <h1>\n        Impressum      <\/h1>\n      <span>\n              <\/span>\n    <\/div>\n  <\/div>\n\n<\/section>\n\n\n\n\n<div class=\"modul-raster-wrapper normal\" >\n  <div class=\"wrapper\">\n    <div class=\"modul-raster  spacing-top--small spacing-bottom--medium\">\n              <div class=\"row  wrap\">\n                                                  <div class=\"raster-block rastercolumn col-auto \n                \">\n\n                \n                  \n                      <div class=\"textblock\">\n\n                      \n                      <div class=\"wysiwyg\">\n                        <h3>Impressum<\/h3>\n<p><strong>SFA Deutschland GmbH<\/strong><br \/>\nWaldstra\u00dfe 23 \/ Geb\u00e4ude B5<br \/>\n63128 Dietzenbach<\/p>\n<p>Tel.: 06074 \/ 309280<br \/>\nFax: 06074 \/ 3092890<br \/>\nE-Mail: <a href=\"mailto:info@kinedo-bad.de\">info@kinedo-bad.de<\/a><\/p>\n<p><strong>Gesch\u00e4ftsf\u00fchrer und verantwortlich f\u00fcr die Inhalte dieser Webseite:<\/strong><br \/>\nSt\u00e9phane Harel<\/p>\n<p><strong>Registerort:<\/strong><br \/>\nAmtsgericht Offenbach<\/p>\n<p><strong>Registernummer:<\/strong><br \/>\nHRB 10878<\/p>\n<p><strong>Umsatzsteuer-ID:<\/strong><br \/>\nDE 129455354<\/p>\n<p><strong>Datenschutzbeauftragter<\/strong><br \/>\nHSDK GmbH<br \/>\nDSB Dirk Schell<br \/>\nEschersheimer Landstra\u00dfe 42<br \/>\n60322 Frankfurt am Main \/ Germany<br \/>\nTel.: +49 (0)69 870092860<br \/>\nE-Mail: sfa@hsdk-privacy.com<\/p>\n<p><strong>Design + Programmierung<\/strong><br \/>\nFokuspokus Media | <a href=\"https:\/\/fokuspokus-media.de\">www.fokuspokus-media.de<\/a><\/p>\n<p><strong>Konzept + Content<\/strong><br \/>\nCCCN | Creative Consulting | <a href=\"https:\/\/cccn.de\">www.cccn.de<\/a><\/p>\n<p><strong>Bildrechte:<\/strong><br \/>\nUrheber: -VICTOR- \u2013 Datei: #870792024 \u2013 www.istockphoto.com\/<br \/>\nUrheber: LueratSatichob \u2013 Datei: #1056705638 \u2013 www.istockphoto.com\/<br \/>\nUrheber: LightFieldStudios \u2013 Datei: #900829894 \u2013 www.istockphoto.com\/<br \/>\nUrheber: Wavebreakmedia \u2013 Datei: #846329464 \u2013 www.istockphoto.com\/<br \/>\nUrheber: Xurzon \u2013 Datei: #975054178 \u2013 www.istockphoto.com\/<br \/>\nUrheber: cnythzl \u2013 Datei: #1014728786 \u2013 www.istockphoto.com\/<br \/>\nUrheber: svetikd \u2013 Datei: #184099508 \u2013 www.istockphoto.com\/<br \/>\nUrheber: lushik \u2013 Datei: #528615974 \u2013 www.istockphoto.com\/<br \/>\nUrheber: Kenshi991 \u2013 Datei: #1073702824 \u2013 www.istockphoto.com\/<br \/>\nUrheber: LueratSatichob \u2013 Datei: #1129071105 \u2013 www.istockphoto.com\/<br \/>\nUrheber: Muni Yogeshwaran \u2013 Datei: #1048759808 \u2013 www.istockphoto.com\/<br \/>\nUrheber: nycshooter \u2013 Datei: #172685774 \u2013 www.istockphoto.com\/<br \/>\nUrheber: Bombaert \u2013 Datei: #825141878 \u2013 www.istockphoto.com\/<br \/>\nUrheber: KatarzynaBialasiewicz \u2013 Datei: #835733120 \u2013 www.istockphoto.com\/<br \/>\nUrheber: KatarzynaBialasiewicz \u2013 Datei: #835733160 \u2013 www.istockphoto.com\/<br \/>\nUrheber: BadBrother \u2013 Datei: #1083421378 \u2013 www.istockphoto.com\/<br \/>\nUrheber: Muenz \u2013 Datei: #821299734 \u2013 www.istockphoto.com\/<br \/>\nUrheber: stock_colors \u2013 Datei: #495880050 \u2013 www.istockphoto.com\/<br \/>\nUrheber: Igor Synyshyn \u2013 Datei: #953465486 \u2013 www.istockphoto.com\/<br \/>\nUrheber: LightFieldStudios \u2013 Datei: 7G544NR\u00a0\u2013 www.elements.envato.com\/<br \/>\nUrheber: halfpoint \u2013 Datei: B2H8NQL\u00a0\u2013 www.elements.envato.com\/<br \/>\nUrheber: insta_photos \u2013 Datei: 828WGB7\u00a0\u2013 www.elements.envato.com\/<br \/>\nUrheber: cottonbro studio \u2013 Datei:\u00a0A Romantic Couple Taking Shower \u2013 www.canva.com\/<br \/>\nUrheber: RossHelen\u00a0\u2013 Datei: GQ9XJ5J\u00a0\u2013 www.elements.envato.com\/<br \/>\nUrheber: Yaroslav Shuraev \u2013 Datei: a person in murky water \u2013 www.canva.com\/<br \/>\nUrheber: westend61 \u2013 Datei: PG8AM4A \u2013 www.elements.envato.com\/<br \/>\nUrheber: BGStock72 \u2013 Datei: 64MY62X \u2013 www.elements.envato.com\/<br \/>\nUrheber: BGStock72 \u2013 Datei: HNKUN9G \u2013 www.elements.envato.com\/<br \/>\nUrheber: corelens \u2013 Datei: Modernes Schlafzimmerdesign\u00a0\u2013 www.canva.com\/<br \/>\nUrheber: s_kawee\u00a0\u2013 Datei: L5J9X7E\u00a0\u2013 www.elements.envato.com\/<br \/>\nUrheber: Konovalov_video\u00a0\u2013 Datei: 9F82UL2\u00a0\u2013 www.elements.envato.com\/<br \/>\nUrheber: DOZOR_FF\u00a0\u2013 Datei: NJMJSLD\u00a0\u2013 www.elements.envato.com\/<br \/>\nUrheber: Prostock-studio\u00a0\u2013 Datei: M8B5QF8\u00a0\u2013 www.elements.envato.com\/<br \/>\nUrheber: Demkat\u00a0\u2013 Datei: Y8XLEYU\u00a0\u2013 www.elements.envato.com\/<br \/>\nUrheber: VLMediaUHD\u00a0\u2013 Datei: 8J95JHW\u00a0\u2013 www.elements.envato.com\/<br \/>\nUrheber: yoycg\u00a0\u2013 Datei: WD92XNA\u00a0\u2013 www.elements.envato.com\/<br \/>\nUrheber: Petryshin1984\u00a0\u2013 Datei: H5X3Z94\u00a0\u2013 www.elements.envato.com\/<br \/>\nUrheber: towfiqu98\u00a0\u2013 Datei: H4WFZ8A\u00a0\u2013 www.elements.envato.com\/<\/p>\n                      <\/div>\n                      <\/div>\n                    \n                        <\/div>\n                                                              <\/div>\n                                <\/div>\n        <\/div>\n    <\/div>","protected":false},"excerpt":{"rendered":"","protected":false},"author":6,"featured_media":0,"parent":0,"menu_order":12,"comment_status":"closed","ping_status":"closed","template":"","meta":{"_acf_changed":false,"footnotes":""},"class_list":["post-23","page","type-page","status-publish","hentry"],"acf":[],"yoast_head":"<!-- This site is optimized with the Yoast SEO plugin v27.3 - https:\/\/yoast.com\/product\/yoast-seo-wordpress\/ -->\n<title>Impressum | Kinedo<\/title>\n<meta name=\"robots\" content=\"noindex, follow\" \/>\n<meta property=\"og:locale\" content=\"de_DE\" \/>\n<meta property=\"og:type\" content=\"article\" \/>\n<meta property=\"og:title\" content=\"Impressum | Kinedo\" \/>\n<meta property=\"og:url\" content=\"https:\/\/kinedo-bad.de\/de-ch\/impressum\/\" \/>\n<meta property=\"og:site_name\" content=\"Kinedo\" \/>\n<meta property=\"article:publisher\" content=\"https:\/\/www.facebook.com\/kinedodeutschland\" \/>\n<meta property=\"article:modified_time\" content=\"2025-07-30T10:19:16+00:00\" \/>\n<meta name=\"twitter:card\" content=\"summary_large_image\" \/>\n<script type=\"application\/ld+json\" class=\"yoast-schema-graph\">{\"@context\":\"https:\\\/\\\/schema.org\",\"@graph\":[{\"@type\":\"WebPage\",\"@id\":\"https:\\\/\\\/kinedo-bad.de\\\/de-ch\\\/impressum\\\/\",\"url\":\"https:\\\/\\\/kinedo-bad.de\\\/de-ch\\\/impressum\\\/\",\"name\":\"Impressum | Kinedo\",\"isPartOf\":{\"@id\":\"https:\\\/\\\/kinedo-bad.de\\\/de-ch\\\/#website\"},\"datePublished\":\"2023-01-30T08:38:16+00:00\",\"dateModified\":\"2025-07-30T10:19:16+00:00\",\"breadcrumb\":{\"@id\":\"https:\\\/\\\/kinedo-bad.de\\\/de-ch\\\/impressum\\\/#breadcrumb\"},\"inLanguage\":\"de-CH\",\"potentialAction\":[{\"@type\":\"ReadAction\",\"target\":[\"https:\\\/\\\/kinedo-bad.de\\\/de-ch\\\/impressum\\\/\"]}]},{\"@type\":\"BreadcrumbList\",\"@id\":\"https:\\\/\\\/kinedo-bad.de\\\/de-ch\\\/impressum\\\/#breadcrumb\",\"itemListElement\":[{\"@type\":\"ListItem\",\"position\":1,\"name\":\"Start\",\"item\":\"https:\\\/\\\/kinedo-bad.de\\\/de-ch\\\/startseite\\\/\"},{\"@type\":\"ListItem\",\"position\":2,\"name\":\"Impressum\"}]},{\"@type\":\"WebSite\",\"@id\":\"https:\\\/\\\/kinedo-bad.de\\\/de-ch\\\/#website\",\"url\":\"https:\\\/\\\/kinedo-bad.de\\\/de-ch\\\/\",\"name\":\"SFA Sanibroy GmbH\",\"description\":\"\",\"publisher\":{\"@id\":\"https:\\\/\\\/kinedo-bad.de\\\/de-ch\\\/#organization\"},\"potentialAction\":[{\"@type\":\"SearchAction\",\"target\":{\"@type\":\"EntryPoint\",\"urlTemplate\":\"https:\\\/\\\/kinedo-bad.de\\\/de-ch\\\/?s={search_term_string}\"},\"query-input\":{\"@type\":\"PropertyValueSpecification\",\"valueRequired\":true,\"valueName\":\"search_term_string\"}}],\"inLanguage\":\"de-CH\"},{\"@type\":\"Organization\",\"@id\":\"https:\\\/\\\/kinedo-bad.de\\\/de-ch\\\/#organization\",\"name\":\"SFA Sanibroy GmbH\",\"url\":\"https:\\\/\\\/kinedo-bad.de\\\/de-ch\\\/\",\"logo\":{\"@type\":\"ImageObject\",\"inLanguage\":\"de-CH\",\"@id\":\"https:\\\/\\\/kinedo-bad.de\\\/de-ch\\\/#\\\/schema\\\/logo\\\/image\\\/\",\"url\":\"https:\\\/\\\/kinedo-bad.de\\\/wp-content\\\/uploads\\\/kinedo-logo-final.png\",\"contentUrl\":\"https:\\\/\\\/kinedo-bad.de\\\/wp-content\\\/uploads\\\/kinedo-logo-final.png\",\"width\":280,\"height\":114,\"caption\":\"SFA Sanibroy GmbH\"},\"image\":{\"@id\":\"https:\\\/\\\/kinedo-bad.de\\\/de-ch\\\/#\\\/schema\\\/logo\\\/image\\\/\"},\"sameAs\":[\"https:\\\/\\\/www.facebook.com\\\/kinedodeutschland\",\"https:\\\/\\\/www.instagram.com\\\/kinedo_d_a_ch\\\/\"]}]}<\/script>\n<!-- \/ Yoast SEO plugin. -->","yoast_head_json":{"title":"Impressum | Kinedo","robots":{"index":"noindex","follow":"follow"},"og_locale":"de_DE","og_type":"article","og_title":"Impressum | Kinedo","og_url":"https:\/\/kinedo-bad.de\/de-ch\/impressum\/","og_site_name":"Kinedo","article_publisher":"https:\/\/www.facebook.com\/kinedodeutschland","article_modified_time":"2025-07-30T10:19:16+00:00","twitter_card":"summary_large_image","schema":{"@context":"https:\/\/schema.org","@graph":[{"@type":"WebPage","@id":"https:\/\/kinedo-bad.de\/de-ch\/impressum\/","url":"https:\/\/kinedo-bad.de\/de-ch\/impressum\/","name":"Impressum | Kinedo","isPartOf":{"@id":"https:\/\/kinedo-bad.de\/de-ch\/#website"},"datePublished":"2023-01-30T08:38:16+00:00","dateModified":"2025-07-30T10:19:16+00:00","breadcrumb":{"@id":"https:\/\/kinedo-bad.de\/de-ch\/impressum\/#breadcrumb"},"inLanguage":"de-CH","potentialAction":[{"@type":"ReadAction","target":["https:\/\/kinedo-bad.de\/de-ch\/impressum\/"]}]},{"@type":"BreadcrumbList","@id":"https:\/\/kinedo-bad.de\/de-ch\/impressum\/#breadcrumb","itemListElement":[{"@type":"ListItem","position":1,"name":"Start","item":"https:\/\/kinedo-bad.de\/de-ch\/startseite\/"},{"@type":"ListItem","position":2,"name":"Impressum"}]},{"@type":"WebSite","@id":"https:\/\/kinedo-bad.de\/de-ch\/#website","url":"https:\/\/kinedo-bad.de\/de-ch\/","name":"SFA Sanibroy GmbH","description":"","publisher":{"@id":"https:\/\/kinedo-bad.de\/de-ch\/#organization"},"potentialAction":[{"@type":"SearchAction","target":{"@type":"EntryPoint","urlTemplate":"https:\/\/kinedo-bad.de\/de-ch\/?s={search_term_string}"},"query-input":{"@type":"PropertyValueSpecification","valueRequired":true,"valueName":"search_term_string"}}],"inLanguage":"de-CH"},{"@type":"Organization","@id":"https:\/\/kinedo-bad.de\/de-ch\/#organization","name":"SFA Sanibroy GmbH","url":"https:\/\/kinedo-bad.de\/de-ch\/","logo":{"@type":"ImageObject","inLanguage":"de-CH","@id":"https:\/\/kinedo-bad.de\/de-ch\/#\/schema\/logo\/image\/","url":"https:\/\/kinedo-bad.de\/wp-content\/uploads\/kinedo-logo-final.png","contentUrl":"https:\/\/kinedo-bad.de\/wp-content\/uploads\/kinedo-logo-final.png","width":280,"height":114,"caption":"SFA Sanibroy GmbH"},"image":{"@id":"https:\/\/kinedo-bad.de\/de-ch\/#\/schema\/logo\/image\/"},"sameAs":["https:\/\/www.facebook.com\/kinedodeutschland","https:\/\/www.instagram.com\/kinedo_d_a_ch\/"]}]}},"_links":{"self":[{"href":"https:\/\/kinedo-bad.de\/de-ch\/wp-json\/wp\/v2\/pages\/23","targetHints":{"allow":["GET"]}}],"collection":[{"href":"https:\/\/kinedo-bad.de\/de-ch\/wp-json\/wp\/v2\/pages"}],"about":[{"href":"https:\/\/kinedo-bad.de\/de-ch\/wp-json\/wp\/v2\/types\/page"}],"author":[{"embeddable":true,"href":"https:\/\/kinedo-bad.de\/de-ch\/wp-json\/wp\/v2\/users\/6"}],"replies":[{"embeddable":true,"href":"https:\/\/kinedo-bad.de\/de-ch\/wp-json\/wp\/v2\/comments?post=23"}],"version-history":[{"count":5,"href":"https:\/\/kinedo-bad.de\/de-ch\/wp-json\/wp\/v2\/pages\/23\/revisions"}],"predecessor-version":[{"id":181200,"href":"https:\/\/kinedo-bad.de\/de-ch\/wp-json\/wp\/v2\/pages\/23\/revisions\/181200"}],"wp:attachment":[{"href":"https:\/\/kinedo-bad.de\/de-ch\/wp-json\/wp\/v2\/media?parent=23"}],"curies":[{"name":"wp","href":"https:\/\/api.w.org\/{rel}","templated":true}]}}